{"id":18075,"date":"2018-03-12T15:30:00","date_gmt":"2018-03-12T19:30:00","guid":{"rendered":"https:\/\/www.aclu-md.org\/como-solicitar-asistencia-del-aclu-de-maryland\/"},"modified":"2025-05-29T14:43:50","modified_gmt":"2025-05-29T18:43:50","slug":"como-solicitar-asistencia-del-aclu-de-maryland","status":"publish","type":"page","link":"https:\/\/www.aclu-md.org\/es\/como-solicitar-asistencia-del-aclu-de-maryland\/","title":{"rendered":"Pida ayuda legal"},"content":{"rendered":"<p>La ACLU de Maryland brinda servicios legales para responder y prevenir violaciones constitucionales y de libertades civiles. Logramos esto haciendo lo siguiente: presentar demandas, educar al p\u00fablico y buscar reformas a trav\u00e9s de estatutos, reglamentos y pol\u00edticas estatales.<\/p>\n<p>No podemos ofrecer asesoramiento legal o abogados en muchos casos. Si no est\u00e1 seguro de si podemos ayudarlo, cont\u00e1ctenos y le ayudaremos a decidir.<\/p>\n<ul><\/ul>\n","protected":false},"excerpt":{"rendered":"<p>La ACLU de Maryland brinda servicios legales para responder y prevenir violaciones constitucionales y de libertades civiles. Logramos esto haciendo lo siguiente: presentar demandas, educar al p\u00fablico y buscar reformas a trav\u00e9s de estatutos, reglamentos y pol\u00edticas estatales. No podemos ofrecer asesoramiento legal o abogados en muchos casos. Si no est\u00e1 seguro de si podemos [&hellip;]<\/p>\n","protected":false},"author":6,"featured_media":0,"parent":0,"menu_order":0,"comment_status":"closed","ping_status":"closed","template":"","meta":{"_acf_changed":false,"_relevanssi_hide_post":"","_relevanssi_hide_content":"","_relevanssi_pin_for_all":"","_relevanssi_pin_keywords":"","_relevanssi_unpin_keywords":"","_relevanssi_related_keywords":"","_relevanssi_related_include_ids":"","_relevanssi_related_exclude_ids":"","_relevanssi_related_no_append":"","_relevanssi_related_not_related":"","_relevanssi_related_posts":"","_relevanssi_noindex_reason":"","footnotes":""},"class_list":["post-18075","page","type-page","status-publish","hentry"],"acf":{"layout":"default","header-group":{"header-description":"","show-subnav":false,"hide-from-subnav":false},"components":[{"acf_fc_layout":"text","text":{"text":"La ACLU de Maryland brinda servicios legales para responder y prevenir violaciones constitucionales y de libertades civiles. Logramos esto haciendo lo siguiente: presentar demandas, educar al p\u00fablico y buscar reformas a trav\u00e9s de estatutos, reglamentos y pol\u00edticas estatales.\r\n\r\nNo podemos ofrecer asesoramiento legal o abogados en muchos casos. Si no est\u00e1 seguro de si podemos ayudarlo, cont\u00e1ctenos y le ayudaremos a decidir."}},{"acf_fc_layout":"divider","divider":{"divider_type":"hr"}},{"acf_fc_layout":"text","text":{"text":""}},{"acf_fc_layout":"accordion","accordion":{"turn_on_faq":false,"list_style":false,"accordion-title":"","description":"","accordion-items":[{"title":"","content":"","image_video_field_group":{"image_video_options":"image","image_group":{"image":null,"caption":"","credit":"","link-settings":"none","url":""},"video_group":{"video":null,"cover_image":null,"video_orientation":"standard"},"youtube_group":{"oembed-url":"","cover-image":null}}},{"title":"","content":"","image_video_field_group":{"image_video_options":"image","image_group":{"image":null,"caption":"","credit":"","link-settings":"none","url":""},"video_group":{"video":null,"cover_image":null,"video_orientation":"standard"},"youtube_group":{"oembed-url":"","cover-image":null}}},{"title":"","content":"","image_video_field_group":{"image_video_options":"image","image_group":{"image":null,"caption":"","credit":"","link-settings":"none","url":""},"video_group":{"video":null,"cover_image":null,"video_orientation":"standard"},"youtube_group":{"oembed-url":"","cover-image":null}}},{"title":"","content":"","image_video_field_group":{"image_video_options":"image","image_group":{"image":null,"caption":"","credit":"","link-settings":"none","url":""},"video_group":{"video":null,"cover_image":null,"video_orientation":"standard"},"youtube_group":{"oembed-url":"","cover-image":null}}},{"title":"","content":"","image_video_field_group":{"image_video_options":"image","image_group":{"image":null,"caption":"","credit":"","link-settings":"none","url":""},"video_group":{"video":null,"cover_image":null,"video_orientation":"standard"},"youtube_group":{"oembed-url":"","cover-image":null}}}]}}],"section":null,"issues":[5413,5418,5433,5463,5473],"related_content":[18194,15758,15759,18200,15757,18815],"documents":[{"name":"","file":18070},{"name":"","file":18072},{"name":"","file":1800}]},"yoast_head":"<!-- This site is optimized with the Yoast SEO plugin v24.9 - https:\/\/yoast.com\/wordpress\/plugins\/seo\/ -->\n<title>Pida ayuda legal - ACLU of Maryland<\/title>\n<meta name=\"robots\" content=\"index, follow, max-snippet:-1, max-image-preview:large, max-video-preview:-1\" \/>\n<link rel=\"canonical\" href=\"https:\/\/www.aclu-md.org\/es\/como-solicitar-asistencia-del-aclu-de-maryland\/\" \/>\n<meta property=\"og:locale\" content=\"es_ES\" \/>\n<meta property=\"og:type\" content=\"article\" \/>\n<meta property=\"og:title\" content=\"Pida ayuda legal - ACLU of Maryland\" \/>\n<meta property=\"og:description\" content=\"La ACLU de Maryland brinda servicios legales para responder y prevenir violaciones constitucionales y de libertades civiles. Logramos esto haciendo lo siguiente: presentar demandas, educar al p\u00fablico y buscar reformas a trav\u00e9s de estatutos, reglamentos y pol\u00edticas estatales. No podemos ofrecer asesoramiento legal o abogados en muchos casos. Si no est\u00e1 seguro de si podemos [&hellip;]\" \/>\n<meta property=\"og:url\" content=\"https:\/\/www.aclu-md.org\/es\/como-solicitar-asistencia-del-aclu-de-maryland\/\" \/>\n<meta property=\"og:site_name\" content=\"ACLU of Maryland\" \/>\n<meta property=\"article:modified_time\" content=\"2025-05-29T18:43:50+00:00\" \/>\n<meta property=\"og:image\" content=\"https:\/\/www.aclu-md.org\/app\/uploads\/2024\/05\/needlegalhelp_eng-spa-1538x768.png\" \/>\n\t<meta property=\"og:image:width\" content=\"1538\" \/>\n\t<meta property=\"og:image:height\" content=\"768\" \/>\n\t<meta property=\"og:image:type\" content=\"image\/png\" \/>\n<meta name=\"twitter:card\" content=\"summary_large_image\" \/>\n<script type=\"application\/ld+json\" class=\"yoast-schema-graph\">{\"@context\":\"https:\/\/schema.org\",\"@graph\":[{\"@type\":\"WebPage\",\"@id\":\"https:\/\/www.aclu-md.org\/es\/como-solicitar-asistencia-del-aclu-de-maryland\/\",\"url\":\"https:\/\/www.aclu-md.org\/es\/como-solicitar-asistencia-del-aclu-de-maryland\/\",\"name\":\"Pida ayuda legal - ACLU of Maryland\",\"isPartOf\":{\"@id\":\"https:\/\/www.aclu-md.org\/#website\"},\"datePublished\":\"2018-03-12T19:30:00+00:00\",\"dateModified\":\"2025-05-29T18:43:50+00:00\",\"inLanguage\":\"es-ES\",\"potentialAction\":[{\"@type\":\"ReadAction\",\"target\":[\"https:\/\/www.aclu-md.org\/es\/como-solicitar-asistencia-del-aclu-de-maryland\/\"]}]},{\"@type\":\"WebSite\",\"@id\":\"https:\/\/www.aclu-md.org\/#website\",\"url\":\"https:\/\/www.aclu-md.org\/\",\"name\":\"ACLU of Maryland\",\"description\":\"\",\"publisher\":{\"@id\":\"https:\/\/www.aclu-md.org\/#organization\"},\"potentialAction\":[{\"@type\":\"SearchAction\",\"target\":{\"@type\":\"EntryPoint\",\"urlTemplate\":\"https:\/\/www.aclu-md.org\/?s={search_term_string}\"},\"query-input\":{\"@type\":\"PropertyValueSpecification\",\"valueRequired\":true,\"valueName\":\"search_term_string\"}}],\"inLanguage\":\"es-ES\"},{\"@type\":\"Organization\",\"@id\":\"https:\/\/www.aclu-md.org\/#organization\",\"name\":\"ACLU of Maryland\",\"url\":\"https:\/\/www.aclu-md.org\/\",\"logo\":{\"@type\":\"ImageObject\",\"inLanguage\":\"es-ES\",\"@id\":\"https:\/\/www.aclu-md.org\/#\/schema\/logo\/image\/\",\"url\":\"https:\/\/www.aclu-md.org\/app\/uploads\/2025\/08\/ACLU-Maryland_Color-Logo_RGB.png\",\"contentUrl\":\"https:\/\/www.aclu-md.org\/app\/uploads\/2025\/08\/ACLU-Maryland_Color-Logo_RGB.png\",\"width\":1063,\"height\":620,\"caption\":\"ACLU of Maryland\"},\"image\":{\"@id\":\"https:\/\/www.aclu-md.org\/#\/schema\/logo\/image\/\"}}]}<\/script>\n<!-- \/ Yoast SEO plugin. -->","yoast_head_json":{"title":"Pida ayuda legal - ACLU of Maryland","robots":{"index":"index","follow":"follow","max-snippet":"max-snippet:-1","max-image-preview":"max-image-preview:large","max-video-preview":"max-video-preview:-1"},"canonical":"https:\/\/www.aclu-md.org\/es\/como-solicitar-asistencia-del-aclu-de-maryland\/","og_locale":"es_ES","og_type":"article","og_title":"Pida ayuda legal - ACLU of Maryland","og_description":"La ACLU de Maryland brinda servicios legales para responder y prevenir violaciones constitucionales y de libertades civiles. Logramos esto haciendo lo siguiente: presentar demandas, educar al p\u00fablico y buscar reformas a trav\u00e9s de estatutos, reglamentos y pol\u00edticas estatales. No podemos ofrecer asesoramiento legal o abogados en muchos casos. Si no est\u00e1 seguro de si podemos [&hellip;]","og_url":"https:\/\/www.aclu-md.org\/es\/como-solicitar-asistencia-del-aclu-de-maryland\/","og_site_name":"ACLU of Maryland","article_modified_time":"2025-05-29T18:43:50+00:00","og_image":[{"width":1538,"height":768,"url":"https:\/\/www.aclu-md.org\/app\/uploads\/2024\/05\/needlegalhelp_eng-spa-1538x768.png","type":"image\/png"}],"twitter_card":"summary_large_image","schema":{"@context":"https:\/\/schema.org","@graph":[{"@type":"WebPage","@id":"https:\/\/www.aclu-md.org\/es\/como-solicitar-asistencia-del-aclu-de-maryland\/","url":"https:\/\/www.aclu-md.org\/es\/como-solicitar-asistencia-del-aclu-de-maryland\/","name":"Pida ayuda legal - ACLU of Maryland","isPartOf":{"@id":"https:\/\/www.aclu-md.org\/#website"},"datePublished":"2018-03-12T19:30:00+00:00","dateModified":"2025-05-29T18:43:50+00:00","inLanguage":"es-ES","potentialAction":[{"@type":"ReadAction","target":["https:\/\/www.aclu-md.org\/es\/como-solicitar-asistencia-del-aclu-de-maryland\/"]}]},{"@type":"WebSite","@id":"https:\/\/www.aclu-md.org\/#website","url":"https:\/\/www.aclu-md.org\/","name":"ACLU of Maryland","description":"","publisher":{"@id":"https:\/\/www.aclu-md.org\/#organization"},"potentialAction":[{"@type":"SearchAction","target":{"@type":"EntryPoint","urlTemplate":"https:\/\/www.aclu-md.org\/?s={search_term_string}"},"query-input":{"@type":"PropertyValueSpecification","valueRequired":true,"valueName":"search_term_string"}}],"inLanguage":"es-ES"},{"@type":"Organization","@id":"https:\/\/www.aclu-md.org\/#organization","name":"ACLU of Maryland","url":"https:\/\/www.aclu-md.org\/","logo":{"@type":"ImageObject","inLanguage":"es-ES","@id":"https:\/\/www.aclu-md.org\/#\/schema\/logo\/image\/","url":"https:\/\/www.aclu-md.org\/app\/uploads\/2025\/08\/ACLU-Maryland_Color-Logo_RGB.png","contentUrl":"https:\/\/www.aclu-md.org\/app\/uploads\/2025\/08\/ACLU-Maryland_Color-Logo_RGB.png","width":1063,"height":620,"caption":"ACLU of Maryland"},"image":{"@id":"https:\/\/www.aclu-md.org\/#\/schema\/logo\/image\/"}}]}},"distributor_meta":false,"distributor_terms":false,"distributor_media":false,"distributor_original_site_name":"ACLU of Maryland","distributor_original_site_url":"https:\/\/www.aclu-md.org\/es\/","push-errors":false,"_links":{"self":[{"href":"https:\/\/www.aclu-md.org\/es\/wp-json\/wp\/v2\/pages\/18075","targetHints":{"allow":["GET"]}}],"collection":[{"href":"https:\/\/www.aclu-md.org\/es\/wp-json\/wp\/v2\/pages"}],"about":[{"href":"https:\/\/www.aclu-md.org\/es\/wp-json\/wp\/v2\/types\/page"}],"author":[{"embeddable":true,"href":"https:\/\/www.aclu-md.org\/es\/wp-json\/wp\/v2\/users\/6"}],"replies":[{"embeddable":true,"href":"https:\/\/www.aclu-md.org\/es\/wp-json\/wp\/v2\/comments?post=18075"}],"version-history":[{"count":1,"href":"https:\/\/www.aclu-md.org\/es\/wp-json\/wp\/v2\/pages\/18075\/revisions"}],"predecessor-version":[{"id":19115,"href":"https:\/\/www.aclu-md.org\/es\/wp-json\/wp\/v2\/pages\/18075\/revisions\/19115"}],"acf:post":[{"embeddable":true,"href":"https:\/\/www.aclu-md.org\/es\/wp-json\/wp\/v2\/posts\/18815"},{"embeddable":true,"href":"https:\/\/www.aclu-md.org\/es\/wp-json\/wp\/v2\/kyr\/15757"},{"embeddable":true,"href":"https:\/\/www.aclu-md.org\/es\/wp-json\/wp\/v2\/pages\/18200"},{"embeddable":true,"href":"https:\/\/www.aclu-md.org\/es\/wp-json\/wp\/v2\/kyr\/15759"},{"embeddable":true,"href":"https:\/\/www.aclu-md.org\/es\/wp-json\/wp\/v2\/kyr\/15758"},{"embeddable":true,"href":"https:\/\/www.aclu-md.org\/es\/wp-json\/wp\/v2\/pages\/18194"},{"embeddable":true,"href":"https:\/\/www.aclu-md.org\/es\/wp-json\/wp\/v2\/issue\/5473"},{"embeddable":true,"href":"https:\/\/www.aclu-md.org\/es\/wp-json\/wp\/v2\/issue\/5463"},{"embeddable":true,"href":"https:\/\/www.aclu-md.org\/es\/wp-json\/wp\/v2\/issue\/5433"},{"embeddable":true,"href":"https:\/\/www.aclu-md.org\/es\/wp-json\/wp\/v2\/issue\/5418"},{"embeddable":true,"href":"https:\/\/www.aclu-md.org\/es\/wp-json\/wp\/v2\/issue\/5413"}],"wp:attachment":[{"href":"https:\/\/www.aclu-md.org\/es\/wp-json\/wp\/v2\/media?parent=18075"}],"curies":[{"name":"wp","href":"https:\/\/api.w.org\/{rel}","templated":true}]}}