{"id":18144,"date":"2019-12-10T15:30:00","date_gmt":"2019-12-10T20:30:00","guid":{"rendered":"https:\/\/www.aclu-md.org\/una-guia-de-derechos-y-libertades-civiles-para-la-sesion-legislativa-de-2020\/"},"modified":"2019-12-10T15:30:00","modified_gmt":"2019-12-10T20:30:00","slug":"una-guia-de-derechos-y-libertades-civiles-para-la-sesion-legislativa-de-2020","status":"publish","type":"page","link":"https:\/\/www.aclu-md.org\/es\/una-guia-de-derechos-y-libertades-civiles-para-la-sesion-legislativa-de-2020\/","title":{"rendered":"Una gu\u00eda de derechos y libertades civiles para la sesi\u00f3n legislativa de 2020"},"content":{"rendered":"<p><span style=\"font-size:12pt\"><span style=\"font-family:&quot;Times New Roman&quot;,serif\"><span lang=\"ES\" style=\"background:white\"><span style=\"color:black\">La ACLU de Maryland es una organizaci\u00f3n no partidista dedicada a la preservaci\u00f3n y el fortalecimiento de las libertades civiles y los derechos civiles. En la legislatura, abogamos por una amplia gama de derechos que incluyen acceso a la justicia, la reforma legal penal, la equidad educativa, la equidad electoral, el derecho de votar, la libertad de expresi\u00f3n, la transparencia del gobierno, la responsabilidad policial, los derechos de las personas que est\u00e1n en la c\u00e1rcel, los derechos de los inmigrantes,&nbsp;la protecci\u00f3n igualitaria, la privacidad, la justicia racial, el debido proceso, la libertad religiosa, los derechos del LGBTQ y los derechos reproductivos.&nbsp;<a href=\"https:\/\/www.aclu-md.org\/app\/uploads\/drupal\/sites\/default\/files\/statewidepriortities_onepager_mdga20_spanish.pdf\" target=\"_blank\">Los siguientes asuntos representan los temas a los que esperamos dedicar mucho tiempo y recursos durante la sesi\u00f3n legislativa de 2020.<\/a><\/span><\/span><\/span><\/span><\/p>\n<h3><a href=\"https:\/\/www.aclu-md.org\/app\/uploads\/drupal\/sites\/default\/files\/education_onepager_spanish_mdga20.pdf\" target=\"_blank\">IGUALDAD PARA LOS NI\u00d1OS DE LAS ESCUELAS DE MARYLAND<\/a><\/h3>\n<p><span class=\"multimedia-listing--read-more\">La Uni\u00f3n Americana de Libertades Civiles, ACLU de Maryland trabaja para garantizar que todos los ni\u00f1os de las escuelas p\u00fablicas de Maryland tengan una oportunidad equitativa de asistir a escuelas saludables y seguras que brinden educaci\u00f3n de alta calidad. En esta sesi\u00f3n, trabajaremos para asegurar la financiaci\u00f3n equitativa y adecuada de las escuelas p\u00fablicas para todos los ni\u00f1os; oponerse a la discriminaci\u00f3n en las escuelas privadas que reciben fondos p\u00fablicos; garantizar que las instalaciones escolares sean apropiadas para el aprendizaje; y abogar por un clima escolar positivo, incluyendo pol\u00edticas de disciplina justas.<\/span><\/p>\n<h3><a href=\"https:\/\/www.aclu-md.org\/app\/uploads\/drupal\/sites\/default\/files\/trustact_onepager_mdga209_billnumbers_spanish.pdf\" target=\"_blank\"><span class=\"multimedia-listing--read-more\">LA LEY DE LA CONFIANZA<\/span><\/a><\/h3>\n<p><span class=\"multimedia-listing--read-more\">La colaboraci\u00f3n de las autoridades locales con la m\u00e1quina de deportaci\u00f3n de ICE ha alentado la elaboraci\u00f3n de perfiles raciales contra las comunidades de inmigrantes y ha fomentado la desconfianza en la polic\u00eda local.<\/span><\/p>\n<p><span class=\"multimedia-listing--read-more\">Esta relaci\u00f3n fracturada entre la comunidad y la fuerza p\u00fablica amenaza la seguridad p\u00fablica para todos. Renovaremos nuestros esfuerzos para separar la aplicaci\u00f3n de la ley local de las pr\u00e1cticas racistas, inhumanas y equivocadas de los esfuerzos federales de inmigraci\u00f3n.<\/span><\/p>\n<h3><a href=\"https:\/\/www.aclu-md.org\/app\/uploads\/drupal\/sites\/default\/files\/womensprerelease_onepager_spanish_mdga20.pdf\" target=\"_blank\"><span class=\"multimedia-listing--read-more\">IGUALDAD PARA LAS MUJERES QUE EST\u00c1N ENCARCELADAS<\/span><\/a><\/h3>\n<p><span class=\"multimedia-listing--read-more\">El n\u00famero de mujeres y ni\u00f1as en el sistema legal penal ha crecido sustancialmente en las \u00faltimas d\u00e9cadas. El encarcelamiento excesivo de mujeres devasta a las familias, porque el 75% de las mujeres encarceladas son las cuidadoras principales o \u00fanicas de los ni\u00f1os. Aunque las mujeres enfrentan desaf\u00edos similares a los de los hombres al reingresar, como barreras para la vivienda y el empleo, las mujeres tambi\u00e9n tienen diferentes necesidades de reingreso. Por ejemplo, las mujeres tienen m\u00e1s del doble de probabilidades de ser encarceladas por un delito no violento. <\/span><\/p>\n<p><span class=\"multimedia-listing--read-more\">Actualmente, el Departamento de Seguridad P\u00fablica y Servicios Correccionales no opera instalaciones dedicadas de menor seguridad para las mujeres que se preparan para regresar a la comunidad desde la prisi\u00f3n. Sin embargo, en todo el estado, DSPCS tiene nueve instalaciones dedicadas a preparar a los hombres que regresan a sus comunidades. Los servicios de reingreso disponibles para las mujeres son inadecuados en su estado actual, pero la situaci\u00f3n es aun m\u00e1s atroz en comparaci\u00f3n con los servicios disponibles para los hombres.<\/span><\/p>\n<h3><a href=\"https:\/\/www.aclu-md.org\/app\/uploads\/drupal\/sites\/default\/files\/policetransparency_onepager_spanish_billnumber_mdga20.pdf\" target=\"_blank\"><span class=\"multimedia-listing--read-more\">TRANSPARENCIA EN LA VIGILANCIA POLICIAL - REFORMA DE LA LEY DE INFORMACI\u00d3N P\u00daBLICA DE MARYLAND<\/span><\/a><\/h3>\n<p><span class=\"multimedia-listing--read-more\">Seg\u00fan la ley actual, si presenta una queja de mala conducta policial, no puede averiguar c\u00f3mo el departamento investiga su queja. Todo lo que puedes descubrir es el resultado y la disciplina. No puede averiguar si el departamento realiz\u00f3 una investigaci\u00f3n exhaustiva o mediocre de su queja. Esto se debe a que el archivo de quejas se considera un \u201cregistro de personal\u201d seg\u00fan la Ley de Informaci\u00f3n P\u00fablica de Maryland y los registros de personal nunca pueden divulgarse. Trabajaremos para eliminar el archivo de quejas de la categor\u00eda de registro de personal, permitiendo as\u00ed que (aunque no sea obligatorio) los departamentos de polic\u00eda divulguen el archivo de quejas.<\/span><\/p>\n<h3><a href=\"https:\/\/www.aclu-md.org\/app\/uploads\/drupal\/sites\/default\/files\/votingrights_onepager_spanish_mdga20.pdf\" target=\"_blank\"><span class=\"multimedia-listing--read-more\">EXPANSI\u00d3N DEL VOTO<\/span><\/a><\/h3>\n<p><span class=\"multimedia-listing--read-more\">El acto de votar es un s\u00edmbolo de nuestra democracia. Si un individuo es elegible para votar, ya sea encarcelado o no, ese derecho debe ser respetado. En 2020, trabajaremos con nuestros socios para garantizar que los residentes de Maryland que est\u00e1n encarcelados, lo cual afecta desproporcionadamente a las personas negras y morenas, que son elegibles para votar, tengan un acceso significativo a la boleta electoral. Esto incluye solicitudes de registro de votantes, solicitudes de voto en ausencia y la informaci\u00f3n sobre c\u00f3mo votar.<\/span><\/p>\n<h3><a href=\"https:\/\/www.aclu-md.org\/app\/uploads\/drupal\/sites\/default\/files\/childinterrogation_onepager_spanish_mdga20.pdf\" target=\"_blank\"><span class=\"multimedia-listing--read-more\">DEFENDER EL DERECHO DE NI\u00d1OS A PERMANECER CALLADOS<\/span><\/a><\/h3>\n<p><span class=\"multimedia-listing--read-more\">El n\u00famero de ni\u00f1os arrestados ha disminuido en Maryland en los \u00faltimos 5 a\u00f1os. Pero todav\u00eda hay una gran cantidad de ni\u00f1os que interact\u00faan con las agencias del orden. La investigaci\u00f3n muestra que es probable que los ni\u00f1os se sientan especialmente presionados por las exigencias de las figuras de autoridad y su edad afecta la forma en la que act\u00faan y responden. Los ni\u00f1os deben tener un abogado presente durante cualquier interrogatorio por parte de la polic\u00eda, de modo que sus derechos de debido proceso est\u00e9n protegidos.<\/span><\/p>\n<h3><a href=\"https:\/\/www.aclu-md.org\/app\/uploads\/drupal\/sites\/default\/files\/parole_onepager_billnumber_spanish_mdga20.pdf\" target=\"_blank\">REFORMA DE LA LIBERTAD CONDICIONAL<\/a><\/h3>\n<p>A pesar de ser condenado a cadena perpetua con la posibilidad de libertad condicional, m\u00e1s de 2,000 residentes de Maryland que tienen sentencias de cadena perpetua est\u00e1n condenados a morir en prisi\u00f3n. A diferencia de casi todos los dem\u00e1s estados, Maryland requiere que el gobernador apruebe personalmente la libertad condicional para cualquier persona que recibe una cadena perpetua con sentencia de libertad condicional. Durante m\u00e1s de dos d\u00e9cadas, a estos residentes de Maryland se les ha negado sistem\u00e1ticamente una oportunidad significativa por la libertad condicional, independientemente del m\u00e9rito individual y a pesar de que la Comisi\u00f3n de Libertad Condicional los recomienda para su liberaci\u00f3n despu\u00e9s de un proceso extenso de investigaci\u00f3n. Maryland debe retirar al gobernador de este proceso politizado de libertad condicional.<\/p>\n","protected":false},"excerpt":{"rendered":"<p>La ACLU de Maryland es una organizaci\u00f3n no partidista dedicada a la preservaci\u00f3n y el fortalecimiento de las libertades civiles y los derechos civiles. En la legislatura, abogamos por una amplia gama de derechos que incluyen acceso a la justicia, la reforma legal penal, la equidad educativa, la equidad electoral, el derecho de votar, la [&hellip;]<\/p>\n","protected":false},"author":6,"featured_media":0,"parent":0,"menu_order":0,"comment_status":"closed","ping_status":"closed","template":"","meta":{"_acf_changed":false,"_relevanssi_hide_post":"","_relevanssi_hide_content":"","_relevanssi_pin_for_all":"","_relevanssi_pin_keywords":"","_relevanssi_unpin_keywords":"","_relevanssi_related_keywords":"","_relevanssi_related_include_ids":"","_relevanssi_related_exclude_ids":"","_relevanssi_related_no_append":"","_relevanssi_related_not_related":"","_relevanssi_related_posts":"","_relevanssi_noindex_reason":"","footnotes":""},"class_list":["post-18144","page","type-page","status-publish","hentry"],"acf":{"layout":"default","header-group":{"header-description":"","show-subnav":false,"hide-from-subnav":false},"components":[{"acf_fc_layout":"text","text":{"text":"La ACLU de Maryland es una organizaci\u00f3n no partidista dedicada a la preservaci\u00f3n y el fortalecimiento de las libertades civiles y los derechos civiles. En la legislatura, abogamos por una amplia gama de derechos que incluyen acceso a la justicia, la reforma legal penal, la equidad educativa, la equidad electoral, el derecho de votar, la libertad de expresi\u00f3n, la transparencia del gobierno, la responsabilidad policial, los derechos de las personas que est\u00e1n en la c\u00e1rcel, los derechos de los inmigrantes, la protecci\u00f3n igualitaria, la privacidad, la justicia racial, el debido proceso, la libertad religiosa, los derechos del LGBTQ y los derechos reproductivos. <a href=\"https:\/\/www.aclu-md.org\/app\/uploads\/drupal\/sites\/default\/files\/statewidepriortities_onepager_mdga20_spanish.pdf\" target=\"_blank\">Los siguientes asuntos representan los temas a los que esperamos dedicar mucho tiempo y recursos durante la sesi\u00f3n legislativa de 2020.<\/a>"}},{"acf_fc_layout":"heading","heading":{"":null,"text":"IGUALDAD PARA LOS NI\u00d1OS DE LAS ESCUELAS DE MARYLAND","anchor":"","sub-heading":"<a href=\"https:\/\/www.aclu-md.org\/app\/uploads\/drupal\/sites\/default\/files\/education_onepager_spanish_mdga20.pdf\" target=\"_blank\">View<\/a>","type":"h3","heading-style":"standard"}},{"acf_fc_layout":"text","text":{"text":"La Uni\u00f3n Americana de Libertades Civiles, ACLU de Maryland trabaja para garantizar que todos los ni\u00f1os de las escuelas p\u00fablicas de Maryland tengan una oportunidad equitativa de asistir a escuelas saludables y seguras que brinden educaci\u00f3n de alta calidad. En esta sesi\u00f3n, trabajaremos para asegurar la financiaci\u00f3n equitativa y adecuada de las escuelas p\u00fablicas para todos los ni\u00f1os; oponerse a la discriminaci\u00f3n en las escuelas privadas que reciben fondos p\u00fablicos; garantizar que las instalaciones escolares sean apropiadas para el aprendizaje; y abogar por un clima escolar positivo, incluyendo pol\u00edticas de disciplina justas."}},{"acf_fc_layout":"heading","heading":{"":null,"text":"LA LEY DE LA CONFIANZA","anchor":"","sub-heading":"<a href=\"https:\/\/www.aclu-md.org\/app\/uploads\/drupal\/sites\/default\/files\/trustact_onepager_mdga209_billnumbers_spanish.pdf\" target=\"_blank\">View<\/a>","type":"h3","heading-style":"standard"}},{"acf_fc_layout":"text","text":{"text":"La colaboraci\u00f3n de las autoridades locales con la m\u00e1quina de deportaci\u00f3n de ICE ha alentado la elaboraci\u00f3n de perfiles raciales contra las comunidades de inmigrantes y ha fomentado la desconfianza en la polic\u00eda local.\n\nEsta relaci\u00f3n fracturada entre la comunidad y la fuerza p\u00fablica amenaza la seguridad p\u00fablica para todos. Renovaremos nuestros esfuerzos para separar la aplicaci\u00f3n de la ley local de las pr\u00e1cticas racistas, inhumanas y equivocadas de los esfuerzos federales de inmigraci\u00f3n."}},{"acf_fc_layout":"heading","heading":{"":null,"text":"IGUALDAD PARA LAS MUJERES QUE EST\u00c1N ENCARCELADAS","anchor":"","sub-heading":"<a href=\"https:\/\/www.aclu-md.org\/app\/uploads\/drupal\/sites\/default\/files\/womensprerelease_onepager_spanish_mdga20.pdf\" target=\"_blank\">View<\/a>","type":"h3","heading-style":"standard"}},{"acf_fc_layout":"text","text":{"text":"El n\u00famero de mujeres y ni\u00f1as en el sistema legal penal ha crecido sustancialmente en las \u00faltimas d\u00e9cadas. El encarcelamiento excesivo de mujeres devasta a las familias, porque el 75% de las mujeres encarceladas son las cuidadoras principales o \u00fanicas de los ni\u00f1os. Aunque las mujeres enfrentan desaf\u00edos similares a los de los hombres al reingresar, como barreras para la vivienda y el empleo, las mujeres tambi\u00e9n tienen diferentes necesidades de reingreso. Por ejemplo, las mujeres tienen m\u00e1s del doble de probabilidades de ser encarceladas por un delito no violento. \n\nActualmente, el Departamento de Seguridad P\u00fablica y Servicios Correccionales no opera instalaciones dedicadas de menor seguridad para las mujeres que se preparan para regresar a la comunidad desde la prisi\u00f3n. Sin embargo, en todo el estado, DSPCS tiene nueve instalaciones dedicadas a preparar a los hombres que regresan a sus comunidades. Los servicios de reingreso disponibles para las mujeres son inadecuados en su estado actual, pero la situaci\u00f3n es aun m\u00e1s atroz en comparaci\u00f3n con los servicios disponibles para los hombres."}},{"acf_fc_layout":"heading","heading":{"":null,"text":"TRANSPARENCIA EN LA VIGILANCIA POLICIAL - REFORMA DE LA LEY DE INFORMACI\u00d3N P\u00daBLICA DE MARYLAND","anchor":"","sub-heading":"<a href=\"https:\/\/www.aclu-md.org\/app\/uploads\/drupal\/sites\/default\/files\/policetransparency_onepager_spanish_billnumber_mdga20.pdf\" target=\"_blank\">View<\/a>","type":"h3","heading-style":"standard"}},{"acf_fc_layout":"text","text":{"text":"Seg\u00fan la ley actual, si presenta una queja de mala conducta policial, no puede averiguar c\u00f3mo el departamento investiga su queja. Todo lo que puedes descubrir es el resultado y la disciplina. No puede averiguar si el departamento realiz\u00f3 una investigaci\u00f3n exhaustiva o mediocre de su queja. Esto se debe a que el archivo de quejas se considera un \u201cregistro de personal\u201d seg\u00fan la Ley de Informaci\u00f3n P\u00fablica de Maryland y los registros de personal nunca pueden divulgarse. Trabajaremos para eliminar el archivo de quejas de la categor\u00eda de registro de personal, permitiendo as\u00ed que (aunque no sea obligatorio) los departamentos de polic\u00eda divulguen el archivo de quejas."}},{"acf_fc_layout":"heading","heading":{"":null,"text":"EXPANSI\u00d3N DEL VOTO","anchor":"","sub-heading":"<a href=\"https:\/\/www.aclu-md.org\/app\/uploads\/drupal\/sites\/default\/files\/votingrights_onepager_spanish_mdga20.pdf\" target=\"_blank\">View<\/a>","type":"h3","heading-style":"standard"}},{"acf_fc_layout":"text","text":{"text":"El acto de votar es un s\u00edmbolo de nuestra democracia. Si un individuo es elegible para votar, ya sea encarcelado o no, ese derecho debe ser respetado. En 2020, trabajaremos con nuestros socios para garantizar que los residentes de Maryland que est\u00e1n encarcelados, lo cual afecta desproporcionadamente a las personas negras y morenas, que son elegibles para votar, tengan un acceso significativo a la boleta electoral. Esto incluye solicitudes de registro de votantes, solicitudes de voto en ausencia y la informaci\u00f3n sobre c\u00f3mo votar."}},{"acf_fc_layout":"heading","heading":{"":null,"text":"DEFENDER EL DERECHO DE NI\u00d1OS A PERMANECER CALLADOS","anchor":"","sub-heading":"<a href=\"https:\/\/www.aclu-md.org\/app\/uploads\/drupal\/sites\/default\/files\/childinterrogation_onepager_spanish_mdga20.pdf\" target=\"_blank\">View<\/a>","type":"h3","heading-style":"standard"}},{"acf_fc_layout":"text","text":{"text":"El n\u00famero de ni\u00f1os arrestados ha disminuido en Maryland en los \u00faltimos 5 a\u00f1os. Pero todav\u00eda hay una gran cantidad de ni\u00f1os que interact\u00faan con las agencias del orden. La investigaci\u00f3n muestra que es probable que los ni\u00f1os se sientan especialmente presionados por las exigencias de las figuras de autoridad y su edad afecta la forma en la que act\u00faan y responden. Los ni\u00f1os deben tener un abogado presente durante cualquier interrogatorio por parte de la polic\u00eda, de modo que sus derechos de debido proceso est\u00e9n protegidos."}},{"acf_fc_layout":"heading","heading":{"":null,"text":"REFORMA DE LA LIBERTAD CONDICIONAL","anchor":"","sub-heading":"<a href=\"https:\/\/www.aclu-md.org\/app\/uploads\/drupal\/sites\/default\/files\/parole_onepager_billnumber_spanish_mdga20.pdf\" target=\"_blank\">View<\/a>","type":"h3","heading-style":"standard"}},{"acf_fc_layout":"text","text":{"text":"A pesar de ser condenado a cadena perpetua con la posibilidad de libertad condicional, m\u00e1s de 2,000 residentes de Maryland que tienen sentencias de cadena perpetua est\u00e1n condenados a morir en prisi\u00f3n. A diferencia de casi todos los dem\u00e1s estados, Maryland requiere que el gobernador apruebe personalmente la libertad condicional para cualquier persona que recibe una cadena perpetua con sentencia de libertad condicional. Durante m\u00e1s de dos d\u00e9cadas, a estos residentes de Maryland se les ha negado sistem\u00e1ticamente una oportunidad significativa por la libertad condicional, independientemente del m\u00e9rito individual y a pesar de que la Comisi\u00f3n de Libertad Condicional los recomienda para su liberaci\u00f3n despu\u00e9s de un proceso extenso de investigaci\u00f3n. Maryland debe retirar al gobernador de este proceso politizado de libertad condicional."}}],"section":null,"issues":null,"related_content":[18125,18128,14896,18571,18799],"documents":null},"yoast_head":"<!-- This site is optimized with the Yoast SEO plugin v24.9 - https:\/\/yoast.com\/wordpress\/plugins\/seo\/ -->\n<title>Una gu\u00eda de derechos y libertades civiles para la sesi\u00f3n legislativa de 2020 - ACLU of Maryland<\/title>\n<meta name=\"robots\" content=\"index, follow, max-snippet:-1, max-image-preview:large, max-video-preview:-1\" \/>\n<link rel=\"canonical\" href=\"https:\/\/www.aclu-md.org\/es\/una-guia-de-derechos-y-libertades-civiles-para-la-sesion-legislativa-de-2020\/\" \/>\n<meta property=\"og:locale\" content=\"es_ES\" \/>\n<meta property=\"og:type\" content=\"article\" \/>\n<meta property=\"og:title\" content=\"Una gu\u00eda de derechos y libertades civiles para la sesi\u00f3n legislativa de 2020 - ACLU of Maryland\" \/>\n<meta property=\"og:description\" content=\"La ACLU de Maryland es una organizaci\u00f3n no partidista dedicada a la preservaci\u00f3n y el fortalecimiento de las libertades civiles y los derechos civiles. En la legislatura, abogamos por una amplia gama de derechos que incluyen acceso a la justicia, la reforma legal penal, la equidad educativa, la equidad electoral, el derecho de votar, la [&hellip;]\" \/>\n<meta property=\"og:url\" content=\"https:\/\/www.aclu-md.org\/es\/una-guia-de-derechos-y-libertades-civiles-para-la-sesion-legislativa-de-2020\/\" \/>\n<meta property=\"og:site_name\" content=\"ACLU of Maryland\" \/>\n<meta property=\"og:image\" content=\"https:\/\/www.aclu-md.org\/app\/themes\/aclu-parent\/img\/default_fb_share.jpg\" \/>\n<meta name=\"twitter:card\" content=\"summary_large_image\" \/>\n<script type=\"application\/ld+json\" class=\"yoast-schema-graph\">{\"@context\":\"https:\/\/schema.org\",\"@graph\":[{\"@type\":\"WebPage\",\"@id\":\"https:\/\/www.aclu-md.org\/es\/una-guia-de-derechos-y-libertades-civiles-para-la-sesion-legislativa-de-2020\/\",\"url\":\"https:\/\/www.aclu-md.org\/es\/una-guia-de-derechos-y-libertades-civiles-para-la-sesion-legislativa-de-2020\/\",\"name\":\"Una gu\u00eda de derechos y libertades civiles para la sesi\u00f3n legislativa de 2020 - ACLU of Maryland\",\"isPartOf\":{\"@id\":\"https:\/\/www.aclu-md.org\/#website\"},\"datePublished\":\"2019-12-10T20:30:00+00:00\",\"inLanguage\":\"es-ES\",\"potentialAction\":[{\"@type\":\"ReadAction\",\"target\":[\"https:\/\/www.aclu-md.org\/es\/una-guia-de-derechos-y-libertades-civiles-para-la-sesion-legislativa-de-2020\/\"]}]},{\"@type\":\"WebSite\",\"@id\":\"https:\/\/www.aclu-md.org\/#website\",\"url\":\"https:\/\/www.aclu-md.org\/\",\"name\":\"ACLU of Maryland\",\"description\":\"\",\"publisher\":{\"@id\":\"https:\/\/www.aclu-md.org\/#organization\"},\"potentialAction\":[{\"@type\":\"SearchAction\",\"target\":{\"@type\":\"EntryPoint\",\"urlTemplate\":\"https:\/\/www.aclu-md.org\/?s={search_term_string}\"},\"query-input\":{\"@type\":\"PropertyValueSpecification\",\"valueRequired\":true,\"valueName\":\"search_term_string\"}}],\"inLanguage\":\"es-ES\"},{\"@type\":\"Organization\",\"@id\":\"https:\/\/www.aclu-md.org\/#organization\",\"name\":\"ACLU of Maryland\",\"url\":\"https:\/\/www.aclu-md.org\/\",\"logo\":{\"@type\":\"ImageObject\",\"inLanguage\":\"es-ES\",\"@id\":\"https:\/\/www.aclu-md.org\/#\/schema\/logo\/image\/\",\"url\":\"https:\/\/www.aclu-md.org\/app\/uploads\/2025\/08\/ACLU-Maryland_Color-Logo_RGB.png\",\"contentUrl\":\"https:\/\/www.aclu-md.org\/app\/uploads\/2025\/08\/ACLU-Maryland_Color-Logo_RGB.png\",\"width\":1063,\"height\":620,\"caption\":\"ACLU of Maryland\"},\"image\":{\"@id\":\"https:\/\/www.aclu-md.org\/#\/schema\/logo\/image\/\"}}]}<\/script>\n<!-- \/ Yoast SEO plugin. -->","yoast_head_json":{"title":"Una gu\u00eda de derechos y libertades civiles para la sesi\u00f3n legislativa de 2020 - ACLU of Maryland","robots":{"index":"index","follow":"follow","max-snippet":"max-snippet:-1","max-image-preview":"max-image-preview:large","max-video-preview":"max-video-preview:-1"},"canonical":"https:\/\/www.aclu-md.org\/es\/una-guia-de-derechos-y-libertades-civiles-para-la-sesion-legislativa-de-2020\/","og_locale":"es_ES","og_type":"article","og_title":"Una gu\u00eda de derechos y libertades civiles para la sesi\u00f3n legislativa de 2020 - ACLU of Maryland","og_description":"La ACLU de Maryland es una organizaci\u00f3n no partidista dedicada a la preservaci\u00f3n y el fortalecimiento de las libertades civiles y los derechos civiles. En la legislatura, abogamos por una amplia gama de derechos que incluyen acceso a la justicia, la reforma legal penal, la equidad educativa, la equidad electoral, el derecho de votar, la [&hellip;]","og_url":"https:\/\/www.aclu-md.org\/es\/una-guia-de-derechos-y-libertades-civiles-para-la-sesion-legislativa-de-2020\/","og_site_name":"ACLU of Maryland","og_image":[{"url":"https:\/\/www.aclu-md.org\/app\/themes\/aclu-parent\/img\/default_fb_share.jpg","type":"","width":"","height":""}],"twitter_card":"summary_large_image","schema":{"@context":"https:\/\/schema.org","@graph":[{"@type":"WebPage","@id":"https:\/\/www.aclu-md.org\/es\/una-guia-de-derechos-y-libertades-civiles-para-la-sesion-legislativa-de-2020\/","url":"https:\/\/www.aclu-md.org\/es\/una-guia-de-derechos-y-libertades-civiles-para-la-sesion-legislativa-de-2020\/","name":"Una gu\u00eda de derechos y libertades civiles para la sesi\u00f3n legislativa de 2020 - ACLU of Maryland","isPartOf":{"@id":"https:\/\/www.aclu-md.org\/#website"},"datePublished":"2019-12-10T20:30:00+00:00","inLanguage":"es-ES","potentialAction":[{"@type":"ReadAction","target":["https:\/\/www.aclu-md.org\/es\/una-guia-de-derechos-y-libertades-civiles-para-la-sesion-legislativa-de-2020\/"]}]},{"@type":"WebSite","@id":"https:\/\/www.aclu-md.org\/#website","url":"https:\/\/www.aclu-md.org\/","name":"ACLU of Maryland","description":"","publisher":{"@id":"https:\/\/www.aclu-md.org\/#organization"},"potentialAction":[{"@type":"SearchAction","target":{"@type":"EntryPoint","urlTemplate":"https:\/\/www.aclu-md.org\/?s={search_term_string}"},"query-input":{"@type":"PropertyValueSpecification","valueRequired":true,"valueName":"search_term_string"}}],"inLanguage":"es-ES"},{"@type":"Organization","@id":"https:\/\/www.aclu-md.org\/#organization","name":"ACLU of Maryland","url":"https:\/\/www.aclu-md.org\/","logo":{"@type":"ImageObject","inLanguage":"es-ES","@id":"https:\/\/www.aclu-md.org\/#\/schema\/logo\/image\/","url":"https:\/\/www.aclu-md.org\/app\/uploads\/2025\/08\/ACLU-Maryland_Color-Logo_RGB.png","contentUrl":"https:\/\/www.aclu-md.org\/app\/uploads\/2025\/08\/ACLU-Maryland_Color-Logo_RGB.png","width":1063,"height":620,"caption":"ACLU of Maryland"},"image":{"@id":"https:\/\/www.aclu-md.org\/#\/schema\/logo\/image\/"}}]}},"distributor_meta":false,"distributor_terms":false,"distributor_media":false,"distributor_original_site_name":"ACLU of Maryland","distributor_original_site_url":"https:\/\/www.aclu-md.org\/es\/","push-errors":false,"_links":{"self":[{"href":"https:\/\/www.aclu-md.org\/es\/wp-json\/wp\/v2\/pages\/18144","targetHints":{"allow":["GET"]}}],"collection":[{"href":"https:\/\/www.aclu-md.org\/es\/wp-json\/wp\/v2\/pages"}],"about":[{"href":"https:\/\/www.aclu-md.org\/es\/wp-json\/wp\/v2\/types\/page"}],"author":[{"embeddable":true,"href":"https:\/\/www.aclu-md.org\/es\/wp-json\/wp\/v2\/users\/6"}],"replies":[{"embeddable":true,"href":"https:\/\/www.aclu-md.org\/es\/wp-json\/wp\/v2\/comments?post=18144"}],"version-history":[{"count":0,"href":"https:\/\/www.aclu-md.org\/es\/wp-json\/wp\/v2\/pages\/18144\/revisions"}],"acf:post":[{"embeddable":true,"href":"https:\/\/www.aclu-md.org\/es\/wp-json\/wp\/v2\/posts\/18799"},{"embeddable":true,"href":"https:\/\/www.aclu-md.org\/es\/wp-json\/wp\/v2\/podcast\/18571"},{"embeddable":true,"href":"https:\/\/www.aclu-md.org\/es\/wp-json\/wp\/v2\/press_release\/14896"},{"embeddable":true,"href":"https:\/\/www.aclu-md.org\/es\/wp-json\/wp\/v2\/pages\/18128"},{"embeddable":true,"href":"https:\/\/www.aclu-md.org\/es\/wp-json\/wp\/v2\/pages\/18125"}],"wp:attachment":[{"href":"https:\/\/www.aclu-md.org\/es\/wp-json\/wp\/v2\/media?parent=18144"}],"curies":[{"name":"wp","href":"https:\/\/api.w.org\/{rel}","templated":true}]}}