{"id":18158,"date":"2020-12-18T11:30:00","date_gmt":"2020-12-18T16:30:00","guid":{"rendered":"https:\/\/www.aclu-md.org\/una-guia-de-derechos-y-libertades-civiles-para-la-sesion-legislativa-de-2021\/"},"modified":"2020-12-18T11:30:00","modified_gmt":"2020-12-18T16:30:00","slug":"una-guia-de-derechos-y-libertades-civiles-para-la-sesion-legislativa-de-2021","status":"publish","type":"page","link":"https:\/\/www.aclu-md.org\/es\/una-guia-de-derechos-y-libertades-civiles-para-la-sesion-legislativa-de-2021\/","title":{"rendered":"Una gu\u00eda de derechos y libertades civiles para la sesi\u00f3n legislativa de 2021"},"content":{"rendered":"<p><a class=\"more\" href=\"https:\/\/www.aclu-md.org\/publications\/2020-general-assembly-report\/\" target=\"_blank\">Lea el Informe Legislativo del Estado de 2019<\/a><\/p>\n<p>La ACLU de Maryland es una organizaci\u00f3n que no est\u00e1 involucrada con ning\u00fan partido pol\u00edtico. Nuestra organizaci\u00f3n esta dedicada a la preservaci\u00f3n y el fortalecimiento de las libertades civiles y los derechos civiles. En lalegislatura, abogamos por una amplia gama de derechos que incluyen acceso a la justicia, la reforma de la justicia legal, la adecuaci\u00f3n de la educaci\u00f3n, la imparcialidad de las elecciones, el derecho de votar, la libertad de expresi\u00f3n, la transparencia del gobierno, la responsabilidad policial, los derechos de las personas que est\u00e1n en la c\u00e1rcel, los derechos de los inmigrantes, la protecci\u00f3n igualitaria, la privacidad, la justicia racial, el debido proceso, la libertad religiosa, los derechos del LGBTQ y los derechos reproductivos. Los siguientes asuntos representan los temas a los que esperamos dedicar mucho tiempo y recursos durante la sesi\u00f3n legislativa de 2021.<\/p>\n<p><em>Puede obtener una lista descargable de las prioridades legislativas de ACLU de Maryland de 2021 <a href=\"https:\/\/www.aclu-md.org\/app\/uploads\/drupal\/sites\/default\/files\/statewidepriortities_onepager_mdga21_spanish.pdf\" target=\"_blank\">aqu\u00ed<\/a>.<\/em><\/p>\n<p><em>Vea una transmisi\u00f3n del comit\u00e9 de la Asamblea General de Maryland y los videos del piso de la asamblea <a href=\"https:\/\/www.aclu-md.org\/live-maryland-general-assembly-hearing-videos\/\" target=\"_blank\">aqu\u00ed<\/a>.<\/em><\/p>\n<h3>NECESITAMOS REFORMA POLICIAL QUE TENDR\u00c1 UN GRAN IMPACTO EN MARYLAND<\/h3>\n<p>Es importante imaginar de nuevo la vigilancia policial para salvar vidas negras. Durante la sesi\u00f3n de la Asamblea General de Maryland 2021, una coalici\u00f3n diversa de m\u00e1s de 90 grupos est\u00e1 exigiendo al menos cinco reformas policiales que tendr\u00e1n un gran impacto: 1) quitar la Declaraci\u00f3n de Derechos de los Oficiales de Aplicaci\u00f3n de la Ley (LEOBR por sus siglas en ingl\u00e9s); 2) fomentar la confianza de la comunidad mediante la reforma de la Ley de Informaci\u00f3n P\u00fablica de Maryland para permitir investigaciones transparentes sobre mala conducta policial; 3) limitar el uso de la fuerza por parte de los oficiales de polic\u00eda; 4) retirar a los oficiales de polic\u00eda de las escuelas de nuestros ni\u00f1os y aumentar el n\u00famero de trabajadores sociales capacitados, psic\u00f3logos, consejeros y especialistas en conducta; y 5) restaurar el control del Departamento de Polic\u00eda de la Ciudad de Baltimore a los residentes de la Ciudad de Baltimore.<\/p>\n<p><em>Puede obtener m\u00e1s informaci\u00f3n sobre las 5 reformas policiales que tendr\u00e1n un gran impacto y hojas de datos descargables para cada una <a href=\"https:\/\/www.aclu-md.org\/campaigns-initiatives\/now-time-impactful-police-reforms-maryland\/\" target=\"_blank\">aqu\u00ed<\/a>.<\/em><\/p>\n<h3>REFORMA DE LA LIBERTAD CONDICIONAL<\/h3>\n<p>A diferencia de casi todos los dem\u00e1s estados, El sistema de libertad condicional de Maryland requiere que el Gobernador apruebe las recomendaciones de la Comisi\u00f3n de Libertad Condicional antes de que una persona pueda ser liberada en libertad condicional. Necesitamos aprobar una ley para garantizar que las personas con sentencias de cadena perpetua con posibilidad de libertad condicional, que hayan demostrado exhaustivamente su rehabilitaci\u00f3n, tengan una oportunidad real de obtener libertad condicional. La decisi\u00f3n debe estar en manos de la Comisi\u00f3n de Libertad Condicional, como lo hace la mayor\u00eda de los estados.<\/p>\n<h3>NECESITAMOS UN BUEN BLUEPRINT PARA EL FUTURO DE MARYLAND<\/h3>\n<p>Debemos asegurarnos de que la Asamblea General cancele el veto del Gobernador Hogan del proyecto de ley Blueprint for Maryland\u2019s Future, que proporcionar\u00e1 fondos muy necesarios para los estudiantes de Maryland, especialmente los estudiantes negros y morenos que durante generaciones han aprendido en escuelas que no tienen recursos adecuados. Nuestro objetivo es servir a los estudiantes m\u00e1s desatendidos y asegurar una implementaci\u00f3n transformadora de esos servicios.<\/p>\n<h3>NECESITAMOS EL DERECHO DE PROCESO DEBIDO PARA LOS NI\u00d1OS EN EL SISTEMA DE JUSTICIA LEGAL<\/h3>\n<p>Todos los d\u00edas en Maryland, los ni\u00f1os que est\u00e1n en el sistema de justicia legal son interrogados por la polic\u00eda sin un padre o abogado presente. Como resultado, los ni\u00f1os se enfrentan a cargos penales, enjuiciamiento y encarcelamiento sin los derechos b\u00e1sicos del debido proceso a los que los adultos tienen derecho. Estamos trabajando con los defensores de ni\u00f1os y de la reforma justicia para proteger los derechos de los ni\u00f1os. De esta manera, no son interrogados sin el consejo de un abogado y, por lo tanto, son m\u00e1s da\u00f1ados y expuestos al sistema.<\/p>\n<h3>NECESITAMOS UN ACTO DE CONFIANZA PARA PROTEGER A LOS INMIGRANTES EN MARYLAND<\/h3>\n<p>Los residentes de Maryland en todo nuestro estado viven con miedo porque podr\u00edan ser detenidos ilegalmente, separados de sus familias y deportados, debido a leyes y pr\u00e1cticas de inmigraci\u00f3n brutales. Los residentes que respetan la ley y las v\u00edctimas de delitos no se sienten seguros trabajando con la polic\u00eda local debido a estos riesgos. El Acto de Confianza evitar\u00eda que la polic\u00eda local coopere con ICE y ayude con la aplicaci\u00f3n federal de inmigraci\u00f3n. Este acto ayudar\u00eda a proteger a los residentes de Maryland de las consecuencias negativas y reconstruir la confianza entre las fuerzas del orden y las comunidades a las que sirven.<\/p>\n<p><em>Puede obtener una hoja informativa y descargable sobre el Acto de Confianza <a href=\"https:\/\/www.aclu-md.org\/app\/uploads\/drupal\/sites\/default\/files\/trustact_onepager_mdga21_leydelaconfianza_spanish.pdf\" target=\"_blank\">aqu\u00ed<\/a>.<\/em><\/p>\n<h3>NECESITAMOS LEVANTAR EL VOTO<\/h3>\n<p>El acto de votar es un s\u00edmbolo de nuestra democracia. Si un individuo de Maryland es elegible para votar, ya sea encarcelado o no, ese derecho debe ser respetado. En 2021, trabajaremos con nuestros socios para garantizar que los residentes de Maryland que est\u00e1n encarcelados, lo cual afecta desproporcionadamente a las personas negras y morenas, que son elegibles para votar, tengan un acceso significativo a la boleta electoral. Esto incluye solicitudes de registro de votantes, solicitudes de voto en ausencia y la informaci\u00f3n sobre c\u00f3mo votar.<\/p>\n<p><em>Puede obtener una hoja informativa y descargable sobre la expansi\u00f3n del voto <a href=\"https:\/\/www.aclu-md.org\/app\/uploads\/drupal\/sites\/default\/files\/votingrights_onepager_spanish_mdga21.pdf\" target=\"_blank\">aqu\u00ed<\/a>.<\/em><\/p>\n","protected":false},"excerpt":{"rendered":"<p>Lea el Informe Legislativo del Estado de 2019 La ACLU de Maryland es una organizaci\u00f3n que no est\u00e1 involucrada con ning\u00fan partido pol\u00edtico. Nuestra organizaci\u00f3n esta dedicada a la preservaci\u00f3n y el fortalecimiento de las libertades civiles y los derechos civiles. En lalegislatura, abogamos por una amplia gama de derechos que incluyen acceso a la [&hellip;]<\/p>\n","protected":false},"author":6,"featured_media":0,"parent":0,"menu_order":0,"comment_status":"closed","ping_status":"closed","template":"","meta":{"_acf_changed":false,"_relevanssi_hide_post":"","_relevanssi_hide_content":"","_relevanssi_pin_for_all":"","_relevanssi_pin_keywords":"","_relevanssi_unpin_keywords":"","_relevanssi_related_keywords":"","_relevanssi_related_include_ids":"","_relevanssi_related_exclude_ids":"","_relevanssi_related_no_append":"","_relevanssi_related_not_related":"","_relevanssi_related_posts":"","_relevanssi_noindex_reason":"","footnotes":""},"class_list":["post-18158","page","type-page","status-publish","hentry"],"acf":{"layout":"default","header-group":{"header-description":"","show-subnav":false,"hide-from-subnav":false},"components":[{"acf_fc_layout":"text","text":{"text":"<a class=\"more\" href=\"https:\/\/www.aclu-md.org\/publications\/2020-general-assembly-report\/\" target=\"_blank\">Lea el Informe Legislativo del Estado de 2019<\/a>\n\nLa ACLU de Maryland es una organizaci\u00f3n que no est\u00e1 involucrada con ning\u00fan partido pol\u00edtico. Nuestra organizaci\u00f3n esta dedicada a la preservaci\u00f3n y el fortalecimiento de las libertades civiles y los derechos civiles. En lalegislatura, abogamos por una amplia gama de derechos que incluyen acceso a la justicia, la reforma de la justicia legal, la adecuaci\u00f3n de la educaci\u00f3n, la imparcialidad de las elecciones, el derecho de votar, la libertad de expresi\u00f3n, la transparencia del gobierno, la responsabilidad policial, los derechos de las personas que est\u00e1n en la c\u00e1rcel, los derechos de los inmigrantes, la protecci\u00f3n igualitaria, la privacidad, la justicia racial, el debido proceso, la libertad religiosa, los derechos del LGBTQ y los derechos reproductivos. Los siguientes asuntos representan los temas a los que esperamos dedicar mucho tiempo y recursos durante la sesi\u00f3n legislativa de 2021.\n\n<em>Puede obtener una lista descargable de las prioridades legislativas de ACLU de Maryland de 2021 <a href=\"https:\/\/www.aclu-md.org\/app\/uploads\/drupal\/sites\/default\/files\/statewidepriortities_onepager_mdga21_spanish.pdf\" target=\"_blank\">aqu\u00ed<\/a>.<\/em>\n\n<em>Vea una transmisi\u00f3n del comit\u00e9 de la Asamblea General de Maryland y los videos del piso de la asamblea <a href=\"https:\/\/www.aclu-md.org\/live-maryland-general-assembly-hearing-videos\/\" target=\"_blank\">aqu\u00ed<\/a>.<\/em>"}},{"acf_fc_layout":"heading","heading":{"":null,"text":"NECESITAMOS REFORMA POLICIAL QUE TENDR\u00c1 UN GRAN IMPACTO EN MARYLAND","anchor":"","sub-heading":"","type":"h3","heading-style":"standard"}},{"acf_fc_layout":"text","text":{"text":"Es importante imaginar de nuevo la vigilancia policial para salvar vidas negras. Durante la sesi\u00f3n de la Asamblea General de Maryland 2021, una coalici\u00f3n diversa de m\u00e1s de 90 grupos est\u00e1 exigiendo al menos cinco reformas policiales que tendr\u00e1n un gran impacto: 1) quitar la Declaraci\u00f3n de Derechos de los Oficiales de Aplicaci\u00f3n de la Ley (LEOBR por sus siglas en ingl\u00e9s); 2) fomentar la confianza de la comunidad mediante la reforma de la Ley de Informaci\u00f3n P\u00fablica de Maryland para permitir investigaciones transparentes sobre mala conducta policial; 3) limitar el uso de la fuerza por parte de los oficiales de polic\u00eda; 4) retirar a los oficiales de polic\u00eda de las escuelas de nuestros ni\u00f1os y aumentar el n\u00famero de trabajadores sociales capacitados, psic\u00f3logos, consejeros y especialistas en conducta; y 5) restaurar el control del Departamento de Polic\u00eda de la Ciudad de Baltimore a los residentes de la Ciudad de Baltimore.\n\n<em>Puede obtener m\u00e1s informaci\u00f3n sobre las 5 reformas policiales que tendr\u00e1n un gran impacto y hojas de datos descargables para cada una <a href=\"https:\/\/www.aclu-md.org\/campaigns-initiatives\/now-time-impactful-police-reforms-maryland\/\" target=\"_blank\">aqu\u00ed<\/a>.<\/em>"}},{"acf_fc_layout":"heading","heading":{"":null,"text":"REFORMA DE LA LIBERTAD CONDICIONAL","anchor":"","sub-heading":"","type":"h3","heading-style":"standard"}},{"acf_fc_layout":"text","text":{"text":"A diferencia de casi todos los dem\u00e1s estados, El sistema de libertad condicional de Maryland requiere que el Gobernador apruebe las recomendaciones de la Comisi\u00f3n de Libertad Condicional antes de que una persona pueda ser liberada en libertad condicional. Necesitamos aprobar una ley para garantizar que las personas con sentencias de cadena perpetua con posibilidad de libertad condicional, que hayan demostrado exhaustivamente su rehabilitaci\u00f3n, tengan una oportunidad real de obtener libertad condicional. La decisi\u00f3n debe estar en manos de la Comisi\u00f3n de Libertad Condicional, como lo hace la mayor\u00eda de los estados."}},{"acf_fc_layout":"heading","heading":{"":null,"text":"NECESITAMOS UN BUEN BLUEPRINT PARA EL FUTURO DE MARYLAND","anchor":"","sub-heading":"","type":"h3","heading-style":"standard"}},{"acf_fc_layout":"text","text":{"text":"Debemos asegurarnos de que la Asamblea General cancele el veto del Gobernador Hogan del proyecto de ley Blueprint for Maryland\u2019s Future, que proporcionar\u00e1 fondos muy necesarios para los estudiantes de Maryland, especialmente los estudiantes negros y morenos que durante generaciones han aprendido en escuelas que no tienen recursos adecuados. Nuestro objetivo es servir a los estudiantes m\u00e1s desatendidos y asegurar una implementaci\u00f3n transformadora de esos servicios."}},{"acf_fc_layout":"heading","heading":{"":null,"text":"NECESITAMOS EL DERECHO DE PROCESO DEBIDO PARA LOS NI\u00d1OS EN EL SISTEMA DE JUSTICIA LEGAL","anchor":"","sub-heading":"","type":"h3","heading-style":"standard"}},{"acf_fc_layout":"text","text":{"text":"Todos los d\u00edas en Maryland, los ni\u00f1os que est\u00e1n en el sistema de justicia legal son interrogados por la polic\u00eda sin un padre o abogado presente. Como resultado, los ni\u00f1os se enfrentan a cargos penales, enjuiciamiento y encarcelamiento sin los derechos b\u00e1sicos del debido proceso a los que los adultos tienen derecho. Estamos trabajando con los defensores de ni\u00f1os y de la reforma justicia para proteger los derechos de los ni\u00f1os. De esta manera, no son interrogados sin el consejo de un abogado y, por lo tanto, son m\u00e1s da\u00f1ados y expuestos al sistema."}},{"acf_fc_layout":"heading","heading":{"":null,"text":"NECESITAMOS UN ACTO DE CONFIANZA PARA PROTEGER A LOS INMIGRANTES EN MARYLAND","anchor":"","sub-heading":"","type":"h3","heading-style":"standard"}},{"acf_fc_layout":"text","text":{"text":"Los residentes de Maryland en todo nuestro estado viven con miedo porque podr\u00edan ser detenidos ilegalmente, separados de sus familias y deportados, debido a leyes y pr\u00e1cticas de inmigraci\u00f3n brutales. Los residentes que respetan la ley y las v\u00edctimas de delitos no se sienten seguros trabajando con la polic\u00eda local debido a estos riesgos. El Acto de Confianza evitar\u00eda que la polic\u00eda local coopere con ICE y ayude con la aplicaci\u00f3n federal de inmigraci\u00f3n. Este acto ayudar\u00eda a proteger a los residentes de Maryland de las consecuencias negativas y reconstruir la confianza entre las fuerzas del orden y las comunidades a las que sirven.\n\n<em>Puede obtener una hoja informativa y descargable sobre el Acto de Confianza <a href=\"https:\/\/www.aclu-md.org\/app\/uploads\/drupal\/sites\/default\/files\/trustact_onepager_mdga21_leydelaconfianza_spanish.pdf\" target=\"_blank\">aqu\u00ed<\/a>.<\/em>"}},{"acf_fc_layout":"heading","heading":{"":null,"text":"NECESITAMOS LEVANTAR EL VOTO","anchor":"","sub-heading":"","type":"h3","heading-style":"standard"}},{"acf_fc_layout":"text","text":{"text":"El acto de votar es un s\u00edmbolo de nuestra democracia. Si un individuo de Maryland es elegible para votar, ya sea encarcelado o no, ese derecho debe ser respetado. En 2021, trabajaremos con nuestros socios para garantizar que los residentes de Maryland que est\u00e1n encarcelados, lo cual afecta desproporcionadamente a las personas negras y morenas, que son elegibles para votar, tengan un acceso significativo a la boleta electoral. Esto incluye solicitudes de registro de votantes, solicitudes de voto en ausencia y la informaci\u00f3n sobre c\u00f3mo votar.\n\n<em>Puede obtener una hoja informativa y descargable sobre la expansi\u00f3n del voto <a href=\"https:\/\/www.aclu-md.org\/app\/uploads\/drupal\/sites\/default\/files\/votingrights_onepager_spanish_mdga21.pdf\" target=\"_blank\">aqu\u00ed<\/a>.<\/em>"}}],"section":null,"issues":null,"related_content":[14963,18593,18841],"documents":null},"yoast_head":"<!-- This site is optimized with the Yoast SEO plugin v24.9 - https:\/\/yoast.com\/wordpress\/plugins\/seo\/ -->\n<title>Una gu\u00eda de derechos y libertades civiles para la sesi\u00f3n legislativa de 2021 - ACLU of Maryland<\/title>\n<meta name=\"robots\" content=\"index, follow, max-snippet:-1, max-image-preview:large, max-video-preview:-1\" \/>\n<link rel=\"canonical\" href=\"https:\/\/www.aclu-md.org\/es\/una-guia-de-derechos-y-libertades-civiles-para-la-sesion-legislativa-de-2021\/\" \/>\n<meta property=\"og:locale\" content=\"es_ES\" \/>\n<meta property=\"og:type\" content=\"article\" \/>\n<meta property=\"og:title\" content=\"Una gu\u00eda de derechos y libertades civiles para la sesi\u00f3n legislativa de 2021 - ACLU of Maryland\" \/>\n<meta property=\"og:description\" content=\"Lea el Informe Legislativo del Estado de 2019 La ACLU de Maryland es una organizaci\u00f3n que no est\u00e1 involucrada con ning\u00fan partido pol\u00edtico. Nuestra organizaci\u00f3n esta dedicada a la preservaci\u00f3n y el fortalecimiento de las libertades civiles y los derechos civiles. En lalegislatura, abogamos por una amplia gama de derechos que incluyen acceso a la [&hellip;]\" \/>\n<meta property=\"og:url\" content=\"https:\/\/www.aclu-md.org\/es\/una-guia-de-derechos-y-libertades-civiles-para-la-sesion-legislativa-de-2021\/\" \/>\n<meta property=\"og:site_name\" content=\"ACLU of Maryland\" \/>\n<meta property=\"og:image\" content=\"https:\/\/www.aclu-md.org\/app\/themes\/aclu-parent\/img\/default_fb_share.jpg\" \/>\n<meta name=\"twitter:card\" content=\"summary_large_image\" \/>\n<script type=\"application\/ld+json\" class=\"yoast-schema-graph\">{\"@context\":\"https:\/\/schema.org\",\"@graph\":[{\"@type\":\"WebPage\",\"@id\":\"https:\/\/www.aclu-md.org\/es\/una-guia-de-derechos-y-libertades-civiles-para-la-sesion-legislativa-de-2021\/\",\"url\":\"https:\/\/www.aclu-md.org\/es\/una-guia-de-derechos-y-libertades-civiles-para-la-sesion-legislativa-de-2021\/\",\"name\":\"Una gu\u00eda de derechos y libertades civiles para la sesi\u00f3n legislativa de 2021 - ACLU of Maryland\",\"isPartOf\":{\"@id\":\"https:\/\/www.aclu-md.org\/#website\"},\"datePublished\":\"2020-12-18T16:30:00+00:00\",\"inLanguage\":\"es-ES\",\"potentialAction\":[{\"@type\":\"ReadAction\",\"target\":[\"https:\/\/www.aclu-md.org\/es\/una-guia-de-derechos-y-libertades-civiles-para-la-sesion-legislativa-de-2021\/\"]}]},{\"@type\":\"WebSite\",\"@id\":\"https:\/\/www.aclu-md.org\/#website\",\"url\":\"https:\/\/www.aclu-md.org\/\",\"name\":\"ACLU of Maryland\",\"description\":\"\",\"publisher\":{\"@id\":\"https:\/\/www.aclu-md.org\/#organization\"},\"potentialAction\":[{\"@type\":\"SearchAction\",\"target\":{\"@type\":\"EntryPoint\",\"urlTemplate\":\"https:\/\/www.aclu-md.org\/?s={search_term_string}\"},\"query-input\":{\"@type\":\"PropertyValueSpecification\",\"valueRequired\":true,\"valueName\":\"search_term_string\"}}],\"inLanguage\":\"es-ES\"},{\"@type\":\"Organization\",\"@id\":\"https:\/\/www.aclu-md.org\/#organization\",\"name\":\"ACLU of Maryland\",\"url\":\"https:\/\/www.aclu-md.org\/\",\"logo\":{\"@type\":\"ImageObject\",\"inLanguage\":\"es-ES\",\"@id\":\"https:\/\/www.aclu-md.org\/#\/schema\/logo\/image\/\",\"url\":\"https:\/\/www.aclu-md.org\/app\/uploads\/2025\/08\/ACLU-Maryland_Color-Logo_RGB.png\",\"contentUrl\":\"https:\/\/www.aclu-md.org\/app\/uploads\/2025\/08\/ACLU-Maryland_Color-Logo_RGB.png\",\"width\":1063,\"height\":620,\"caption\":\"ACLU of Maryland\"},\"image\":{\"@id\":\"https:\/\/www.aclu-md.org\/#\/schema\/logo\/image\/\"}}]}<\/script>\n<!-- \/ Yoast SEO plugin. -->","yoast_head_json":{"title":"Una gu\u00eda de derechos y libertades civiles para la sesi\u00f3n legislativa de 2021 - ACLU of Maryland","robots":{"index":"index","follow":"follow","max-snippet":"max-snippet:-1","max-image-preview":"max-image-preview:large","max-video-preview":"max-video-preview:-1"},"canonical":"https:\/\/www.aclu-md.org\/es\/una-guia-de-derechos-y-libertades-civiles-para-la-sesion-legislativa-de-2021\/","og_locale":"es_ES","og_type":"article","og_title":"Una gu\u00eda de derechos y libertades civiles para la sesi\u00f3n legislativa de 2021 - ACLU of Maryland","og_description":"Lea el Informe Legislativo del Estado de 2019 La ACLU de Maryland es una organizaci\u00f3n que no est\u00e1 involucrada con ning\u00fan partido pol\u00edtico. Nuestra organizaci\u00f3n esta dedicada a la preservaci\u00f3n y el fortalecimiento de las libertades civiles y los derechos civiles. En lalegislatura, abogamos por una amplia gama de derechos que incluyen acceso a la [&hellip;]","og_url":"https:\/\/www.aclu-md.org\/es\/una-guia-de-derechos-y-libertades-civiles-para-la-sesion-legislativa-de-2021\/","og_site_name":"ACLU of Maryland","og_image":[{"url":"https:\/\/www.aclu-md.org\/app\/themes\/aclu-parent\/img\/default_fb_share.jpg","type":"","width":"","height":""}],"twitter_card":"summary_large_image","schema":{"@context":"https:\/\/schema.org","@graph":[{"@type":"WebPage","@id":"https:\/\/www.aclu-md.org\/es\/una-guia-de-derechos-y-libertades-civiles-para-la-sesion-legislativa-de-2021\/","url":"https:\/\/www.aclu-md.org\/es\/una-guia-de-derechos-y-libertades-civiles-para-la-sesion-legislativa-de-2021\/","name":"Una gu\u00eda de derechos y libertades civiles para la sesi\u00f3n legislativa de 2021 - ACLU of Maryland","isPartOf":{"@id":"https:\/\/www.aclu-md.org\/#website"},"datePublished":"2020-12-18T16:30:00+00:00","inLanguage":"es-ES","potentialAction":[{"@type":"ReadAction","target":["https:\/\/www.aclu-md.org\/es\/una-guia-de-derechos-y-libertades-civiles-para-la-sesion-legislativa-de-2021\/"]}]},{"@type":"WebSite","@id":"https:\/\/www.aclu-md.org\/#website","url":"https:\/\/www.aclu-md.org\/","name":"ACLU of Maryland","description":"","publisher":{"@id":"https:\/\/www.aclu-md.org\/#organization"},"potentialAction":[{"@type":"SearchAction","target":{"@type":"EntryPoint","urlTemplate":"https:\/\/www.aclu-md.org\/?s={search_term_string}"},"query-input":{"@type":"PropertyValueSpecification","valueRequired":true,"valueName":"search_term_string"}}],"inLanguage":"es-ES"},{"@type":"Organization","@id":"https:\/\/www.aclu-md.org\/#organization","name":"ACLU of Maryland","url":"https:\/\/www.aclu-md.org\/","logo":{"@type":"ImageObject","inLanguage":"es-ES","@id":"https:\/\/www.aclu-md.org\/#\/schema\/logo\/image\/","url":"https:\/\/www.aclu-md.org\/app\/uploads\/2025\/08\/ACLU-Maryland_Color-Logo_RGB.png","contentUrl":"https:\/\/www.aclu-md.org\/app\/uploads\/2025\/08\/ACLU-Maryland_Color-Logo_RGB.png","width":1063,"height":620,"caption":"ACLU of Maryland"},"image":{"@id":"https:\/\/www.aclu-md.org\/#\/schema\/logo\/image\/"}}]}},"distributor_meta":false,"distributor_terms":false,"distributor_media":false,"distributor_original_site_name":"ACLU of Maryland","distributor_original_site_url":"https:\/\/www.aclu-md.org\/es\/","push-errors":false,"_links":{"self":[{"href":"https:\/\/www.aclu-md.org\/es\/wp-json\/wp\/v2\/pages\/18158","targetHints":{"allow":["GET"]}}],"collection":[{"href":"https:\/\/www.aclu-md.org\/es\/wp-json\/wp\/v2\/pages"}],"about":[{"href":"https:\/\/www.aclu-md.org\/es\/wp-json\/wp\/v2\/types\/page"}],"author":[{"embeddable":true,"href":"https:\/\/www.aclu-md.org\/es\/wp-json\/wp\/v2\/users\/6"}],"replies":[{"embeddable":true,"href":"https:\/\/www.aclu-md.org\/es\/wp-json\/wp\/v2\/comments?post=18158"}],"version-history":[{"count":0,"href":"https:\/\/www.aclu-md.org\/es\/wp-json\/wp\/v2\/pages\/18158\/revisions"}],"acf:post":[{"embeddable":true,"href":"https:\/\/www.aclu-md.org\/es\/wp-json\/wp\/v2\/posts\/18841"},{"embeddable":true,"href":"https:\/\/www.aclu-md.org\/es\/wp-json\/wp\/v2\/publication\/18593"},{"embeddable":true,"href":"https:\/\/www.aclu-md.org\/es\/wp-json\/wp\/v2\/press_release\/14963"}],"wp:attachment":[{"href":"https:\/\/www.aclu-md.org\/es\/wp-json\/wp\/v2\/media?parent=18158"}],"curies":[{"name":"wp","href":"https:\/\/api.w.org\/{rel}","templated":true}]}}