{"id":18161,"date":"2021-07-13T23:30:00","date_gmt":"2021-07-14T03:30:00","guid":{"rendered":"https:\/\/www.aclu-md.org\/serie-de-blogs-sobre-el-documental-llamado-liberar-el-voto\/"},"modified":"2021-07-13T23:30:00","modified_gmt":"2021-07-14T03:30:00","slug":"serie-de-blogs-sobre-el-documental-llamado-liberar-el-voto","status":"publish","type":"page","link":"https:\/\/www.aclu-md.org\/es\/serie-de-blogs-sobre-el-documental-llamado-liberar-el-voto\/","title":{"rendered":"Serie de blogs sobre el documental llamado \u201cLiberar el voto\u201d"},"content":{"rendered":"<p><span style=\"font-family: Georgia, serif; font-size: 14pt; color: rgb(0, 0, 0);\">El documental \u201c<\/span><a href=\"https:\/\/www.aclu-md.org\/campaigns-initiatives\/free-vote-let-people-who-are-incarcerated-access-ballot\/\" style=\"font-family: Georgia, serif; font-size: 14pt;\">Liberar el voto<\/a><span style=\"font-family: Georgia, serif; font-size: 14pt; color: rgb(0, 0, 0);\">\u201d tiene una serie de blogs que complementa el documental y destaca la historia de c\u00f3mo el voto se mantuvo alejado de las personas encarceladas. Millones de personas encarceladas hoy son principalmente personas negras y latinas y no pueden votar. A medida que se desarrolla cada blog, aprender\u00e1 la historia de la privaci\u00f3n del derecho al voto, c\u00f3mo el voto se vincul\u00f3 con el encarcelamiento, la guerra contra las drogas, y escuchar\u00e1 a personas que est\u00e1n encarceladas o fueron encarceladas anteriormente y lideran la lucha para liberar el voto.<\/span><\/p>\n<p style=\"text-align:start\"><span style=\"font-size:12px\"><span style=\"color:#000000\"><span style=\"font-family:Helvetica\"><span style=\"font-style:normal\"><span style=\"font-weight:normal\"><span style=\"white-space:normal\"><span style=\"text-decoration:none\"><span lang=\"ES\" style=\"font-size:14pt\"><span style=\"font-family:Georgia, serif\">No podemos tolerar m\u00e1s este sistema racista. A trav\u00e9s de la serie de blogs, esperamos educar al lector sobre la historia de la privaci\u00f3n del derecho al voto y por qu\u00e9 est\u00e1 mal impedir que las personas encarceladas voten. Descubra c\u00f3mo la privaci\u00f3n de derechos a\u00fan afecta a nuestras comunidades hoy en d\u00eda.<\/span><\/span><\/span><\/span><\/span><\/span><\/span><\/span><\/span><\/p>\n<hr>\n<p><img loading=\"lazy\" decoding=\"async\" class=\" size-full wp-image-15574\" src=\"https:\/\/www.aclu-md.org\/app\/uploads\/2020\/12\/first_colored_senator_and_representatives.jpg\" alt=\"First Black Senators and Representatives in the United States\" width=\"1200\" height=\"905\" srcset=\"https:\/\/www.aclu-md.org\/app\/uploads\/2020\/12\/first_colored_senator_and_representatives.jpg 1200w, https:\/\/www.aclu-md.org\/app\/uploads\/2020\/12\/first_colored_senator_and_representatives-768x579.jpg 768w, https:\/\/www.aclu-md.org\/app\/uploads\/2020\/12\/first_colored_senator_and_representatives-400x302.jpg 400w, https:\/\/www.aclu-md.org\/app\/uploads\/2020\/12\/first_colored_senator_and_representatives-600x453.jpg 600w, https:\/\/www.aclu-md.org\/app\/uploads\/2020\/12\/first_colored_senator_and_representatives-800x603.jpg 800w, https:\/\/www.aclu-md.org\/app\/uploads\/2020\/12\/first_colored_senator_and_representatives-1000x754.jpg 1000w\" sizes=\"auto, (max-width: 1200px) 100vw, 1200px\" \/><\/p>\n<h3><strong>Serie de blogs sobre el documental llamado \u201cLiberar el voto\u201d Parte 1: Historia hasta la d\u00e9cada de 1900<\/strong><\/h3>\n<p>300 a\u00f1os antes: C\u00f3mo el legado de las prisiones y la polic\u00eda impactan el voto de las personas negras<\/p>\n<p><a class=\"cta-style-arrow-button\" href=\"https:\/\/www.aclu-md.org\/es\/news\/serie-de-blogs-sobre-el-documental-llamado-liberar-el-voto-parte-1-historia-hasta-la-decada-de\/\" target=\"_blank\">LEA<\/a><\/p>\n<hr>\n<p><img loading=\"lazy\" decoding=\"async\" class=\" size-full wp-image-15586\" src=\"https:\/\/www.aclu-md.org\/app\/uploads\/2020\/12\/bus-to-prison.jpg\" alt=\"Black marchers on the Edmund Pettus Bridge holding a banner that says \"From the back of the bus ot the front of the prison, the struggle continues.\"\" width=\"1165\" height=\"790\" style=\"height: 790px; width: 1165px;\" srcset=\"https:\/\/www.aclu-md.org\/app\/uploads\/2020\/12\/bus-to-prison.jpg 550w, https:\/\/www.aclu-md.org\/app\/uploads\/2020\/12\/bus-to-prison-400x271.jpg 400w\" sizes=\"auto, (max-width: 1165px) 100vw, 1165px\" \/><\/p>\n<h3><strong>Serie de blogs sobre el documental llamado \u201cLiberar el voto\u201d Parte 2: Presente<\/strong><\/h3>\n<p>La lucha para liberar el voto a\u00fan no ha terminado<\/p>\n<p><a class=\"cta-style-arrow-button\" href=\"https:\/\/www.aclu-md.org\/es\/news\/serie-de-blogs-sobre-el-documental-llamado-liberar-el-voto-parte-2-presentefree-vote\/\" target=\"_blank\">LEA<\/a><\/p>\n<hr>\n<p><img loading=\"lazy\" decoding=\"async\" class=\" size-full wp-image-15598\" src=\"https:\/\/www.aclu-md.org\/app\/uploads\/2020\/12\/800px-parchman_prison_convict_labor_1911.jpeg\" alt=\"Parchman Prison labor done by people who are incarcerated in 1911.\" width=\"1166\" height=\"863\" style=\"height: 863px; width: 1166px;\" srcset=\"https:\/\/www.aclu-md.org\/app\/uploads\/2020\/12\/800px-parchman_prison_convict_labor_1911.jpeg 799w, https:\/\/www.aclu-md.org\/app\/uploads\/2020\/12\/800px-parchman_prison_convict_labor_1911-768x569.jpeg 768w, https:\/\/www.aclu-md.org\/app\/uploads\/2020\/12\/800px-parchman_prison_convict_labor_1911-400x296.jpeg 400w, https:\/\/www.aclu-md.org\/app\/uploads\/2020\/12\/800px-parchman_prison_convict_labor_1911-600x445.jpeg 600w\" sizes=\"auto, (max-width: 1166px) 100vw, 1166px\" \/><\/p>\n<h3><strong>Serie de blogs sobre el documental llamado \u201cLiberar el voto\u201d Parte 3<\/strong><\/h3>\n<p>La conexi\u00f3n del voto con el encarcelamiento es peligrosa y racista<\/p>\n<p><a class=\"cta-style-arrow-button\" href=\"https:\/\/www.aclu-md.org\/es\/news\/serie-de-blogs-sobre-el-documental-llamado-liberar-el-voto-parte-3\/\" target=\"_blank\">LEA<\/a><\/p>\n<hr>\n<p><img loading=\"lazy\" decoding=\"async\" class=\" size-full wp-image-15618\" src=\"https:\/\/www.aclu-md.org\/app\/uploads\/2020\/12\/170516_aclu_0006_michellefrankfurteraclu_nomoredrugwar_dojrally_.jpg\" alt=\"Protest with a Black person in the center with their fist raised. The signs say \"no more drug war\" and \"Black Lives Matter\" and \"resist\".\" width=\"1600\" height=\"1067\" srcset=\"https:\/\/www.aclu-md.org\/app\/uploads\/2020\/12\/170516_aclu_0006_michellefrankfurteraclu_nomoredrugwar_dojrally_.jpg 1600w, https:\/\/www.aclu-md.org\/app\/uploads\/2020\/12\/170516_aclu_0006_michellefrankfurteraclu_nomoredrugwar_dojrally_-768x512.jpg 768w, https:\/\/www.aclu-md.org\/app\/uploads\/2020\/12\/170516_aclu_0006_michellefrankfurteraclu_nomoredrugwar_dojrally_-1536x1024.jpg 1536w, https:\/\/www.aclu-md.org\/app\/uploads\/2020\/12\/170516_aclu_0006_michellefrankfurteraclu_nomoredrugwar_dojrally_-400x267.jpg 400w, https:\/\/www.aclu-md.org\/app\/uploads\/2020\/12\/170516_aclu_0006_michellefrankfurteraclu_nomoredrugwar_dojrally_-600x400.jpg 600w, https:\/\/www.aclu-md.org\/app\/uploads\/2020\/12\/170516_aclu_0006_michellefrankfurteraclu_nomoredrugwar_dojrally_-800x534.jpg 800w, https:\/\/www.aclu-md.org\/app\/uploads\/2020\/12\/170516_aclu_0006_michellefrankfurteraclu_nomoredrugwar_dojrally_-1000x667.jpg 1000w, https:\/\/www.aclu-md.org\/app\/uploads\/2020\/12\/170516_aclu_0006_michellefrankfurteraclu_nomoredrugwar_dojrally_-1200x800.jpg 1200w, https:\/\/www.aclu-md.org\/app\/uploads\/2020\/12\/170516_aclu_0006_michellefrankfurteraclu_nomoredrugwar_dojrally_-1400x934.jpg 1400w\" sizes=\"auto, (max-width: 1600px) 100vw, 1600px\" \/><\/p>\n<h3><strong>Serie de blogs sobre el documental llamado \u201cLiberar el voto\u201d Parte 4<\/strong><\/h3>\n<p>Nadie tiene derecho a quitarle el derecho al voto<\/p>\n<p><a class=\"cta-style-arrow-button\" href=\"https:\/\/www.aclu-md.org\/es\/news\/serie-de-blogs-sobre-el-documental-llamado-liberar-el-voto-parte-4\/\" target=\"_blank\">LEA<\/a><\/p>\n<hr>\n<p><img loading=\"lazy\" decoding=\"async\" class=\" size-full wp-image-3486\" src=\"https:\/\/www.aclu-md.org\/app\/uploads\/2020\/12\/freethevotepremiere_websiteeventpage_1160x775.png\" alt=\"Free the Vote. Nicole Hanson Mundell, Monica Cooper, Earl Young, and Qiana Johnson are standing together behind posters from the Civil Rights Movement calling for voting rights now. The poster has a pink and brown theme.\" width=\"1160\" height=\"775\" srcset=\"https:\/\/www.aclu-md.org\/app\/uploads\/2020\/12\/freethevotepremiere_websiteeventpage_1160x775.png 1160w, https:\/\/www.aclu-md.org\/app\/uploads\/2020\/12\/freethevotepremiere_websiteeventpage_1160x775-768x513.png 768w, https:\/\/www.aclu-md.org\/app\/uploads\/2020\/12\/freethevotepremiere_websiteeventpage_1160x775-400x267.png 400w, https:\/\/www.aclu-md.org\/app\/uploads\/2020\/12\/freethevotepremiere_websiteeventpage_1160x775-600x401.png 600w, https:\/\/www.aclu-md.org\/app\/uploads\/2020\/12\/freethevotepremiere_websiteeventpage_1160x775-800x534.png 800w, https:\/\/www.aclu-md.org\/app\/uploads\/2020\/12\/freethevotepremiere_websiteeventpage_1160x775-1000x668.png 1000w\" sizes=\"auto, (max-width: 1160px) 100vw, 1160px\" \/><\/p>\n<h3><strong>Serie de blogs sobre el documental llamado \u201cLiberar el voto\u201d Parte 5<\/strong><\/h3>\n<p>Las personas que fueron encarceladas est\u00e1n luchando para liberar el voto<\/p>\n<p><a class=\"cta-style-arrow-button\" href=\"https:\/\/www.aclu-md.org\/es\/news\/serie-de-blogs-sobre-el-documental-llamado-liberar-el-voto-parte-5\/\" target=\"_blank\">LEA<\/a><\/p>\n","protected":false},"excerpt":{"rendered":"<p>El documental \u201cLiberar el voto\u201d tiene una serie de blogs que complementa el documental y destaca la historia de c\u00f3mo el voto se mantuvo alejado de las personas encarceladas. Millones de personas encarceladas hoy son principalmente personas negras y latinas y no pueden votar. A medida que se desarrolla cada blog, aprender\u00e1 la historia de [&hellip;]<\/p>\n","protected":false},"author":6,"featured_media":0,"parent":0,"menu_order":0,"comment_status":"closed","ping_status":"closed","template":"","meta":{"_acf_changed":false,"_relevanssi_hide_post":"","_relevanssi_hide_content":"","_relevanssi_pin_for_all":"","_relevanssi_pin_keywords":"","_relevanssi_unpin_keywords":"","_relevanssi_related_keywords":"","_relevanssi_related_include_ids":"","_relevanssi_related_exclude_ids":"","_relevanssi_related_no_append":"","_relevanssi_related_not_related":"","_relevanssi_related_posts":"","_relevanssi_noindex_reason":"","footnotes":""},"class_list":["post-18161","page","type-page","status-publish","hentry"],"acf":{"layout":"default","header-group":{"header-description":"","show-subnav":false,"hide-from-subnav":false},"components":[{"acf_fc_layout":"text","text":{"text":"El documental \u201c<a href=\"https:\/\/www.aclu-md.org\/campaigns-initiatives\/free-vote-let-people-who-are-incarcerated-access-ballot\/\">Liberar el voto<\/a>\u201d tiene una serie de blogs que complementa el documental y destaca la historia de c\u00f3mo el voto se mantuvo alejado de las personas encarceladas. Millones de personas encarceladas hoy son principalmente personas negras y latinas y no pueden votar. A medida que se desarrolla cada blog, aprender\u00e1 la historia de la privaci\u00f3n del derecho al voto, c\u00f3mo el voto se vincul\u00f3 con el encarcelamiento, la guerra contra las drogas, y escuchar\u00e1 a personas que est\u00e1n encarceladas o fueron encarceladas anteriormente y lideran la lucha para liberar el voto.\n\nNo podemos tolerar m\u00e1s este sistema racista. A trav\u00e9s de la serie de blogs, esperamos educar al lector sobre la historia de la privaci\u00f3n del derecho al voto y por qu\u00e9 est\u00e1 mal impedir que las personas encarceladas voten. Descubra c\u00f3mo la privaci\u00f3n de derechos a\u00fan afecta a nuestras comunidades hoy en d\u00eda."}},{"acf_fc_layout":"divider","divider":{"divider_type":"hr"}},{"acf_fc_layout":"single-image","single-image":{"":null,"image-group":{"image":15575,"":null,"caption":"","credit":"","link-settings":"none","url":""},"width":"standard","alignment":"left"}},{"acf_fc_layout":"heading","heading":{"":null,"text":"Serie de blogs sobre el documental llamado \u201cLiberar el voto\u201d Parte 1: Historia hasta la d\u00e9cada de 1900","anchor":"","sub-heading":"","type":"h3","heading-style":"standard"}},{"acf_fc_layout":"text","text":{"text":"300 a\u00f1os antes: C\u00f3mo el legado de las prisiones y la polic\u00eda impactan el voto de las personas negras\n\n<a class=\"cta-style-arrow-button\" href=\"https:\/\/www.aclu-md.org\/es\/news\/serie-de-blogs-sobre-el-documental-llamado-liberar-el-voto-parte-1-historia-hasta-la-decada-de\/\" target=\"_blank\">LEA<\/a>"}},{"acf_fc_layout":"divider","divider":{"divider_type":"hr"}},{"acf_fc_layout":"single-image","single-image":{"":null,"image-group":{"image":15587,"":null,"caption":"","credit":"","link-settings":"none","url":""},"width":"standard","alignment":"left"}},{"acf_fc_layout":"heading","heading":{"":null,"text":"Serie de blogs sobre el documental llamado \u201cLiberar el voto\u201d Parte 2: Presente","anchor":"","sub-heading":"","type":"h3","heading-style":"standard"}},{"acf_fc_layout":"text","text":{"text":"La lucha para liberar el voto a\u00fan no ha terminado\n\n<a class=\"cta-style-arrow-button\" href=\"https:\/\/www.aclu-md.org\/es\/news\/serie-de-blogs-sobre-el-documental-llamado-liberar-el-voto-parte-2-presentefree-vote\/\" target=\"_blank\">LEA<\/a>"}},{"acf_fc_layout":"divider","divider":{"divider_type":"hr"}},{"acf_fc_layout":"single-image","single-image":{"":null,"image-group":{"image":15599,"":null,"caption":"","credit":"","link-settings":"none","url":""},"width":"standard","alignment":"left"}},{"acf_fc_layout":"heading","heading":{"":null,"text":"Serie de blogs sobre el documental llamado \u201cLiberar el voto\u201d Parte 3","anchor":"","sub-heading":"","type":"h3","heading-style":"standard"}},{"acf_fc_layout":"text","text":{"text":"La conexi\u00f3n del voto con el encarcelamiento es peligrosa y racista\n\n<a class=\"cta-style-arrow-button\" href=\"https:\/\/www.aclu-md.org\/es\/news\/serie-de-blogs-sobre-el-documental-llamado-liberar-el-voto-parte-3\/\" target=\"_blank\">LEA<\/a>"}},{"acf_fc_layout":"divider","divider":{"divider_type":"hr"}},{"acf_fc_layout":"single-image","single-image":{"":null,"image-group":{"image":15619,"":null,"caption":"","credit":"","link-settings":"none","url":""},"width":"standard","alignment":"left"}},{"acf_fc_layout":"heading","heading":{"":null,"text":"Serie de blogs sobre el documental llamado \u201cLiberar el voto\u201d Parte 4","anchor":"","sub-heading":"","type":"h3","heading-style":"standard"}},{"acf_fc_layout":"text","text":{"text":"Nadie tiene derecho a quitarle el derecho al voto\n\n<a class=\"cta-style-arrow-button\" href=\"https:\/\/www.aclu-md.org\/es\/news\/serie-de-blogs-sobre-el-documental-llamado-liberar-el-voto-parte-4\/\" target=\"_blank\">LEA<\/a>"}},{"acf_fc_layout":"divider","divider":{"divider_type":"hr"}},{"acf_fc_layout":"single-image","single-image":{"":null,"image-group":{"image":3487,"":null,"caption":"","credit":"","link-settings":"none","url":""},"width":"standard","alignment":"left"}},{"acf_fc_layout":"heading","heading":{"":null,"text":"Serie de blogs sobre el documental llamado \u201cLiberar el voto\u201d Parte 5","anchor":"","sub-heading":"","type":"h3","heading-style":"standard"}},{"acf_fc_layout":"text","text":{"text":"Las personas que fueron encarceladas est\u00e1n luchando para liberar el voto\n\n<a class=\"cta-style-arrow-button\" href=\"https:\/\/www.aclu-md.org\/es\/news\/serie-de-blogs-sobre-el-documental-llamado-liberar-el-voto-parte-5\/\" target=\"_blank\">LEA<\/a>"}}],"section":null,"issues":null,"related_content":[18587],"documents":null},"yoast_head":"<!-- This site is optimized with the Yoast SEO plugin v24.9 - https:\/\/yoast.com\/wordpress\/plugins\/seo\/ -->\n<title>Serie de blogs sobre el documental llamado \u201cLiberar el voto\u201d - ACLU of Maryland<\/title>\n<meta name=\"robots\" content=\"index, follow, max-snippet:-1, max-image-preview:large, max-video-preview:-1\" \/>\n<link rel=\"canonical\" href=\"https:\/\/www.aclu-md.org\/es\/serie-de-blogs-sobre-el-documental-llamado-liberar-el-voto\/\" \/>\n<meta property=\"og:locale\" content=\"es_ES\" \/>\n<meta property=\"og:type\" content=\"article\" \/>\n<meta property=\"og:title\" content=\"Serie de blogs sobre el documental llamado \u201cLiberar el voto\u201d - ACLU of Maryland\" \/>\n<meta property=\"og:description\" content=\"El documental \u201cLiberar el voto\u201d tiene una serie de blogs que complementa el documental y destaca la historia de c\u00f3mo el voto se mantuvo alejado de las personas encarceladas. Millones de personas encarceladas hoy son principalmente personas negras y latinas y no pueden votar. A medida que se desarrolla cada blog, aprender\u00e1 la historia de [&hellip;]\" \/>\n<meta property=\"og:url\" content=\"https:\/\/www.aclu-md.org\/es\/serie-de-blogs-sobre-el-documental-llamado-liberar-el-voto\/\" \/>\n<meta property=\"og:site_name\" content=\"ACLU of Maryland\" \/>\n<meta property=\"og:image\" content=\"https:\/\/www.aclu-md.org\/app\/uploads\/2020\/12\/bus-to-prison.jpg\" \/>\n\t<meta property=\"og:image:width\" content=\"550\" \/>\n\t<meta property=\"og:image:height\" content=\"373\" \/>\n\t<meta property=\"og:image:type\" content=\"image\/jpeg\" \/>\n<meta name=\"twitter:card\" content=\"summary_large_image\" \/>\n<script type=\"application\/ld+json\" class=\"yoast-schema-graph\">{\"@context\":\"https:\/\/schema.org\",\"@graph\":[{\"@type\":\"WebPage\",\"@id\":\"https:\/\/www.aclu-md.org\/es\/serie-de-blogs-sobre-el-documental-llamado-liberar-el-voto\/\",\"url\":\"https:\/\/www.aclu-md.org\/es\/serie-de-blogs-sobre-el-documental-llamado-liberar-el-voto\/\",\"name\":\"Serie de blogs sobre el documental llamado \u201cLiberar el voto\u201d - ACLU of Maryland\",\"isPartOf\":{\"@id\":\"https:\/\/www.aclu-md.org\/#website\"},\"primaryImageOfPage\":{\"@id\":\"https:\/\/www.aclu-md.org\/es\/serie-de-blogs-sobre-el-documental-llamado-liberar-el-voto\/#primaryimage\"},\"image\":{\"@id\":\"https:\/\/www.aclu-md.org\/es\/serie-de-blogs-sobre-el-documental-llamado-liberar-el-voto\/#primaryimage\"},\"thumbnailUrl\":\"https:\/\/www.aclu-md.org\/app\/uploads\/2020\/12\/first_colored_senator_and_representatives.jpg\",\"datePublished\":\"2021-07-14T03:30:00+00:00\",\"inLanguage\":\"es-ES\",\"potentialAction\":[{\"@type\":\"ReadAction\",\"target\":[\"https:\/\/www.aclu-md.org\/es\/serie-de-blogs-sobre-el-documental-llamado-liberar-el-voto\/\"]}]},{\"@type\":\"ImageObject\",\"inLanguage\":\"es-ES\",\"@id\":\"https:\/\/www.aclu-md.org\/es\/serie-de-blogs-sobre-el-documental-llamado-liberar-el-voto\/#primaryimage\",\"url\":\"https:\/\/www.aclu-md.org\/app\/uploads\/2020\/12\/first_colored_senator_and_representatives.jpg\",\"contentUrl\":\"https:\/\/www.aclu-md.org\/app\/uploads\/2020\/12\/first_colored_senator_and_representatives.jpg\"},{\"@type\":\"WebSite\",\"@id\":\"https:\/\/www.aclu-md.org\/#website\",\"url\":\"https:\/\/www.aclu-md.org\/\",\"name\":\"ACLU of Maryland\",\"description\":\"\",\"publisher\":{\"@id\":\"https:\/\/www.aclu-md.org\/#organization\"},\"potentialAction\":[{\"@type\":\"SearchAction\",\"target\":{\"@type\":\"EntryPoint\",\"urlTemplate\":\"https:\/\/www.aclu-md.org\/?s={search_term_string}\"},\"query-input\":{\"@type\":\"PropertyValueSpecification\",\"valueRequired\":true,\"valueName\":\"search_term_string\"}}],\"inLanguage\":\"es-ES\"},{\"@type\":\"Organization\",\"@id\":\"https:\/\/www.aclu-md.org\/#organization\",\"name\":\"ACLU of Maryland\",\"url\":\"https:\/\/www.aclu-md.org\/\",\"logo\":{\"@type\":\"ImageObject\",\"inLanguage\":\"es-ES\",\"@id\":\"https:\/\/www.aclu-md.org\/#\/schema\/logo\/image\/\",\"url\":\"https:\/\/www.aclu-md.org\/app\/uploads\/2025\/08\/ACLU-Maryland_Color-Logo_RGB.png\",\"contentUrl\":\"https:\/\/www.aclu-md.org\/app\/uploads\/2025\/08\/ACLU-Maryland_Color-Logo_RGB.png\",\"width\":1063,\"height\":620,\"caption\":\"ACLU of Maryland\"},\"image\":{\"@id\":\"https:\/\/www.aclu-md.org\/#\/schema\/logo\/image\/\"}}]}<\/script>\n<!-- \/ Yoast SEO plugin. -->","yoast_head_json":{"title":"Serie de blogs sobre el documental llamado \u201cLiberar el voto\u201d - ACLU of Maryland","robots":{"index":"index","follow":"follow","max-snippet":"max-snippet:-1","max-image-preview":"max-image-preview:large","max-video-preview":"max-video-preview:-1"},"canonical":"https:\/\/www.aclu-md.org\/es\/serie-de-blogs-sobre-el-documental-llamado-liberar-el-voto\/","og_locale":"es_ES","og_type":"article","og_title":"Serie de blogs sobre el documental llamado \u201cLiberar el voto\u201d - ACLU of Maryland","og_description":"El documental \u201cLiberar el voto\u201d tiene una serie de blogs que complementa el documental y destaca la historia de c\u00f3mo el voto se mantuvo alejado de las personas encarceladas. Millones de personas encarceladas hoy son principalmente personas negras y latinas y no pueden votar. A medida que se desarrolla cada blog, aprender\u00e1 la historia de [&hellip;]","og_url":"https:\/\/www.aclu-md.org\/es\/serie-de-blogs-sobre-el-documental-llamado-liberar-el-voto\/","og_site_name":"ACLU of Maryland","og_image":[{"width":550,"height":373,"url":"https:\/\/www.aclu-md.org\/app\/uploads\/2020\/12\/bus-to-prison.jpg","type":"image\/jpeg"}],"twitter_card":"summary_large_image","schema":{"@context":"https:\/\/schema.org","@graph":[{"@type":"WebPage","@id":"https:\/\/www.aclu-md.org\/es\/serie-de-blogs-sobre-el-documental-llamado-liberar-el-voto\/","url":"https:\/\/www.aclu-md.org\/es\/serie-de-blogs-sobre-el-documental-llamado-liberar-el-voto\/","name":"Serie de blogs sobre el documental llamado \u201cLiberar el voto\u201d - ACLU of Maryland","isPartOf":{"@id":"https:\/\/www.aclu-md.org\/#website"},"primaryImageOfPage":{"@id":"https:\/\/www.aclu-md.org\/es\/serie-de-blogs-sobre-el-documental-llamado-liberar-el-voto\/#primaryimage"},"image":{"@id":"https:\/\/www.aclu-md.org\/es\/serie-de-blogs-sobre-el-documental-llamado-liberar-el-voto\/#primaryimage"},"thumbnailUrl":"https:\/\/www.aclu-md.org\/app\/uploads\/2020\/12\/first_colored_senator_and_representatives.jpg","datePublished":"2021-07-14T03:30:00+00:00","inLanguage":"es-ES","potentialAction":[{"@type":"ReadAction","target":["https:\/\/www.aclu-md.org\/es\/serie-de-blogs-sobre-el-documental-llamado-liberar-el-voto\/"]}]},{"@type":"ImageObject","inLanguage":"es-ES","@id":"https:\/\/www.aclu-md.org\/es\/serie-de-blogs-sobre-el-documental-llamado-liberar-el-voto\/#primaryimage","url":"https:\/\/www.aclu-md.org\/app\/uploads\/2020\/12\/first_colored_senator_and_representatives.jpg","contentUrl":"https:\/\/www.aclu-md.org\/app\/uploads\/2020\/12\/first_colored_senator_and_representatives.jpg"},{"@type":"WebSite","@id":"https:\/\/www.aclu-md.org\/#website","url":"https:\/\/www.aclu-md.org\/","name":"ACLU of Maryland","description":"","publisher":{"@id":"https:\/\/www.aclu-md.org\/#organization"},"potentialAction":[{"@type":"SearchAction","target":{"@type":"EntryPoint","urlTemplate":"https:\/\/www.aclu-md.org\/?s={search_term_string}"},"query-input":{"@type":"PropertyValueSpecification","valueRequired":true,"valueName":"search_term_string"}}],"inLanguage":"es-ES"},{"@type":"Organization","@id":"https:\/\/www.aclu-md.org\/#organization","name":"ACLU of Maryland","url":"https:\/\/www.aclu-md.org\/","logo":{"@type":"ImageObject","inLanguage":"es-ES","@id":"https:\/\/www.aclu-md.org\/#\/schema\/logo\/image\/","url":"https:\/\/www.aclu-md.org\/app\/uploads\/2025\/08\/ACLU-Maryland_Color-Logo_RGB.png","contentUrl":"https:\/\/www.aclu-md.org\/app\/uploads\/2025\/08\/ACLU-Maryland_Color-Logo_RGB.png","width":1063,"height":620,"caption":"ACLU of Maryland"},"image":{"@id":"https:\/\/www.aclu-md.org\/#\/schema\/logo\/image\/"}}]}},"distributor_meta":false,"distributor_terms":false,"distributor_media":false,"distributor_original_site_name":"ACLU of Maryland","distributor_original_site_url":"https:\/\/www.aclu-md.org\/es\/","push-errors":false,"_links":{"self":[{"href":"https:\/\/www.aclu-md.org\/es\/wp-json\/wp\/v2\/pages\/18161","targetHints":{"allow":["GET"]}}],"collection":[{"href":"https:\/\/www.aclu-md.org\/es\/wp-json\/wp\/v2\/pages"}],"about":[{"href":"https:\/\/www.aclu-md.org\/es\/wp-json\/wp\/v2\/types\/page"}],"author":[{"embeddable":true,"href":"https:\/\/www.aclu-md.org\/es\/wp-json\/wp\/v2\/users\/6"}],"replies":[{"embeddable":true,"href":"https:\/\/www.aclu-md.org\/es\/wp-json\/wp\/v2\/comments?post=18161"}],"version-history":[{"count":0,"href":"https:\/\/www.aclu-md.org\/es\/wp-json\/wp\/v2\/pages\/18161\/revisions"}],"acf:post":[{"embeddable":true,"href":"https:\/\/www.aclu-md.org\/es\/wp-json\/wp\/v2\/podcast\/18587"}],"wp:attachment":[{"href":"https:\/\/www.aclu-md.org\/es\/wp-json\/wp\/v2\/media?parent=18161"}],"curies":[{"name":"wp","href":"https:\/\/api.w.org\/{rel}","templated":true}]}}