{"id":20567,"date":"2026-02-23T13:14:49","date_gmt":"2026-02-23T18:14:49","guid":{"rendered":"https:\/\/www.aclu-md.org\/?page_id=20567"},"modified":"2026-02-23T13:14:49","modified_gmt":"2026-02-23T18:14:49","slug":"el-activismo-de-la-aclu-de-maryland-en-la-asamblea-general-de-2025-2","status":"publish","type":"page","link":"https:\/\/www.aclu-md.org\/es\/el-activismo-de-la-aclu-de-maryland-en-la-asamblea-general-de-2025-2\/","title":{"rendered":"El activismo de la ACLU de Maryland en la Asamblea General de 2025"},"content":{"rendered":"","protected":false},"excerpt":{"rendered":"","protected":false},"author":24,"featured_media":0,"parent":0,"menu_order":0,"comment_status":"closed","ping_status":"closed","template":"","meta":{"_acf_changed":false,"_relevanssi_hide_post":"","_relevanssi_hide_content":"","_relevanssi_pin_for_all":"","_relevanssi_pin_keywords":"","_relevanssi_unpin_keywords":"","_relevanssi_related_keywords":"","_relevanssi_related_include_ids":"","_relevanssi_related_exclude_ids":"","_relevanssi_related_no_append":"","_relevanssi_related_not_related":"","_relevanssi_related_posts":"","_relevanssi_noindex_reason":"","footnotes":""},"class_list":["post-20567","page","type-page","status-publish","hentry"],"acf":{"layout":"jumplinks","header-group":{"header-description":"","show-subnav":false,"hide-from-subnav":false},"components":null,"section":[{"title":"","components":[{"acf_fc_layout":"single-image","single-image":{"":null,"image-group":{"image":20480,"":null,"caption":"","credit":"","link-settings":"none","url":""},"width":"standard","alignment":"left"}},{"acf_fc_layout":"text","text":{"text":"La ACLU de Maryland es una organizaci\u00f3n no partidista que existe para empoderar a residentes de Maryland a ejercer sus derechos para que la ley valore y eleve su humanidad. Los proyectos de ley siguientes son algunos de los temas a los que esperamos dedicar mucho tiempo y recursos durante la Sesi\u00f3n Legislativa de 2025."}},{"acf_fc_layout":"buttons","buttons":{"primary":{"text":"","link":""},"secondary":{"text":"Apoye nuestro trabajo","link":"https:\/\/action.aclu.org\/give\/maryland-join-renew-today"}}},{"acf_fc_layout":"buttons","buttons":{"primary":{"text":"","link":""},"secondary":{"text":"Obt\u00e9n actualizaciones","link":"https:\/\/action.aclu.org\/signup\/md-aclu-get-updates"}}},{"acf_fc_layout":"buttons","buttons":{"primary":{"text":"","link":""},"secondary":{"text":"Prioridades en la Asamblea General 2025 \u2013 PDF descargable","link":"https:\/\/www.aclu-md.org\/app\/uploads\/2024\/11\/aclu-md_mdga25_legipriortities_onepager_spanish.pdf"}}}]},{"title":"Aprobar la Ley de Segunda Consideraci\u00f3n de Maryland","components":[{"acf_fc_layout":"text","text":{"text":"En todo el pa\u00eds, Maryland encarcela al porcentaje m\u00e1s alto de personas negras. El 71 por ciento de nuestra poblaci\u00f3n carcelaria es negra, m\u00e1s del doble del promedio nacional. Es una gran verg\u00fcenza que Maryland tambi\u00e9n lidere la naci\u00f3n en sentencias de prisi\u00f3n m\u00e1s largas para j\u00f3venes negros, a una tasa 25 por ciento m\u00e1s alta que el estado m\u00e1s cercano: Mississippi. Estos hechos muestran una cuesti\u00f3n de justicia racial urgente y profundamente preocupante dentro del sistema de justicia penal de Maryland.\r\n\r\nLa \u00fanica manera de reducir las disparidades raciales existentes es crear caminos m\u00e1s sinceros para la liberaci\u00f3n de quienes han demostrado su rehabilitaci\u00f3n.\r\n\r\nPara avanzar hacia la justicia restaurativa y reducir el encarcelamiento masivo, la ACLU de Maryland y la Coalici\u00f3n de Segunda Consideraci\u00f3n de Maryland (su nombre en ingl\u00e9s es \u201cMaryland Second Look Coalition\u201d) trabajar\u00e1n para aprobar la Ley de Segunda Consideraci\u00f3n de Maryland (su nombre en ingl\u00e9s es \u201cMaryland Second Look Act\u201d). El proyecto de ley busca abordar las disparidades raciales extremas del estado y promover la seguridad p\u00fablica. Permitir\u00e1 a las personas que cumplen sentencias extremas y que han cumplido al menos dos d\u00e9cadas la oportunidad de solicitar al tribunal que modifique o reduzca su sentencia dependiendo de su rehabilitaci\u00f3n demostrada. Esta iniciativa basada en la evidencia reconoce el potencial transformador de centrar la rehabilitaci\u00f3n y reconoce la urgencia de abordar la justicia racial en nuestro sistema legal penal."}},{"acf_fc_layout":"buttons","buttons":{"primary":{"text":"","link":""},"secondary":{"text":"Hoja de hechos \u2013 Aprobar la Ley de Segunda Consideraci\u00f3n de Maryland","link":"https:\/\/www.aclu-md.org\/app\/uploads\/2024\/12\/mslc_secondlook_mdga25_onepager_spanish.pdf"}}},{"acf_fc_layout":"divider","divider":{"divider_type":"hr"}},{"acf_fc_layout":"heading","heading":{"":null,"text":"\u00a1EN VIVO! Panel de discusi\u00f3n de segundas oportunidades (20 de enero de 2024)","anchor":"","sub-heading":"<em>Este video solo est\u00e1 disponible en ingl\u00e9s.<\/em>","type":"h2","heading-style":"standard"}},{"acf_fc_layout":"youtube","youtube":{"oembed-url":"https:\/\/youtu.be\/rUpXbOJWklA","cover-image":""}},{"acf_fc_layout":"heading","heading":{"":null,"text":"","anchor":"","sub-heading":"","type":"h2","heading-style":"standard"}},{"acf_fc_layout":"youtube","youtube":{"oembed-url":"","cover-image":""}},{"acf_fc_layout":"heading","heading":{"":null,"text":"","anchor":"","sub-heading":"","type":"h2","heading-style":"standard"}},{"acf_fc_layout":"youtube","youtube":{"oembed-url":"","cover-image":""}},{"acf_fc_layout":"text","text":{"text":""}},{"acf_fc_layout":"heading","heading":{"":null,"text":"","anchor":"","sub-heading":"","type":"h2","heading-style":"standard"}},{"acf_fc_layout":"single-image","single-image":{"":null,"image-group":{"image":"","":null,"caption":"","credit":"","link-settings":"none","url":""},"width":"standard","alignment":"left"}},{"acf_fc_layout":"buttons","buttons":{"primary":{"text":"","link":""},"secondary":{"text":"","link":""}}},{"acf_fc_layout":"heading","heading":{"":null,"text":"","anchor":"","sub-heading":"","type":"h2","heading-style":"standard"}},{"acf_fc_layout":"youtube","youtube":{"oembed-url":"","cover-image":""}},{"acf_fc_layout":"text","text":{"text":""}}]},{"title":"Garantizar Poderes de Investigaci\u00f3n Independiente para las Juntas de Responsabilidad Policial","components":[{"acf_fc_layout":"text","text":{"text":"La Ley de Responsabilidad de la Polic\u00eda de Maryland (Maryland Police Accountability Act en ingl\u00e9s) de 2021 orden\u00f3 a todos los condados y a la ciudad de Baltimore que establecieran una Junta de Responsabilidad Policial (PAB por sus siglas en ingl\u00e9s) y el Comit\u00e9 de Acusaciones Administrativas un Comit\u00e9 de Carga Administrativa (ACC por sus siglas en ingl\u00e9s). A pesar del fuerte apoyo de la comunidad, las investigaciones y las mejores pr\u00e1cticas que muestran que los poderes de investigaci\u00f3n independientes son fundamentales para las juntas comunitarias que supervisan a su polic\u00eda, ningun PAB en Maryland tiene esta autoridad ahora. Actualmente, las PAB y los ACC solo pueden confiar en investigaciones policiales internas cuando realizan revisiones y deciden si acusan o no a un oficial. Para que las Juntas de Responsabilidad Policial (PABs) act\u00faen verdaderamente como independientes e organos de supervision activos, estos poderes deben ser parte de las PABs por todo el estado.\r\n\r\nEn 2025, el ACLU y la Coalici\u00f3n de Maryland para la Justicia y la Responsabilidad Policial trabajar\u00e1n para aprobar un proyecto de ley para aclarar que los grupos locales que gobiernan tienen el poder de permitir que sus PABs emitan citaciones, entrevisten a testigos y empleen todas las dem\u00e1s t\u00e9cnicas de investigaci\u00f3n necesarias para sacar conclusiones precisas de incidentes y para investigar reclamaciones antes de que el ACC tome una decisi\u00f3n."}},{"acf_fc_layout":"buttons","buttons":{"primary":{"text":"","link":""},"secondary":{"text":"Hoja de hechos \u2013 Garantizar poderes de investigaci\u00f3n independiente para las Juntas de Responsabilidad Policial","link":"https:\/\/www.aclu-md.org\/app\/uploads\/2024\/11\/mcjpa_statewidepab_mdga25_onepager_spanish.pdf"}}}]},{"title":"Quitar al Gobernador de la Libertad Condicional M\u00e9dica","components":[{"acf_fc_layout":"text","text":{"text":"En 2021, la Asamblea General sac\u00f3 con \u00e9xito al Gobernador del proceso de libertad condicional. Esto finalmente elimin\u00f3 el proceso politizado de permitir que los gobernadores revocaran decisiones para otorgar libertad condicional a residentes de Maryland que cumpl\u00edan sentencias de cadena perpetua. Sin embargo, hubo un error de redacci\u00f3n que excluy\u00f3 la libertad condicional m\u00e9dica. Es el \u00fanico tipo de libertad condicional que todav\u00eda requiere la aprobaci\u00f3n del gobernador.\r\n\r\nEsto es grave porque es muy importante que la Comisi\u00f3n de Libertad Condicional de Maryland pueda actuar r\u00e1pidamente cuando el candidato a la libertad condicional est\u00e1 gravemente enfermo o agonizante. En 2025, la ACLU trabajar\u00e1 con aliados para apoyar un proyecto de ley que solucione el error."}},{"acf_fc_layout":"buttons","buttons":{"primary":{"text":"","link":""},"secondary":{"text":"Hoja de hechos \u2013 Quitar al gobernador de la Libertad Condicional M\u00e9dica","link":"https:\/\/www.aclu-md.org\/app\/uploads\/2024\/11\/medicalparole_mdga25_onepager_spanish.pdf"}}}]},{"title":"Aprobar una ley de derecho al voto en Maryland","components":[{"acf_fc_layout":"text","text":{"text":"Aunque, a lo largo de los a\u00f1os, Maryland ha logrado avances significativos para mejorar el acceso al voto, persisten muchos abusos del derecho al voto y estructuras discriminatorias. Los procesos y recursos legales para investigar y procesar estos abusos no han estado disponibles o han sido demasiado costosos. Esto se debe, en parte, a que las decisiones judiciales de los \u00faltimos 30 a\u00f1os han socavado las protecciones de la ley federal de derecho al voto (federal Voting Rights Act en ingl\u00e9s).\r\n\r\nEn 2025, la ACLU trabajar\u00e1 con aliados para introducir una Ley de Derecho al Voto de Maryland (MDVRA por sus siglas en ingl\u00e9s). Esta ley se basar\u00e1 en modelos establecidos recientemente en Nueva York y California. La MDVRA permitir\u00e1 a nuestro estado enfrentar las barreras cambiantes a la participaci\u00f3n electoral y erradicar las pr\u00e1cticas discriminatorias. El proyecto de ley lograr\u00e1 esto creando un derecho civil de acci\u00f3n contra la intimidaci\u00f3n de votantes. El proyecto de ley tambi\u00e9n brindar\u00e1 un acceso ling\u00fc\u00edstico m\u00e1s amplio a votantes que no hablan ingl\u00e9s. Tambi\u00e9n proporcionar\u00e1 recursos a los gobiernos locales que est\u00e9n considerando cambios en las estructuras y reglas electorales. Y fomentar\u00e1 un enfoque simplificado y de bajo costo para abordar las quejas de discriminaci\u00f3n electoral."}},{"acf_fc_layout":"buttons","buttons":{"primary":{"text":"","link":""},"secondary":{"text":"Hoja de hechos \u2013 Aprobar una ley de derecho al voto en Maryland","link":"https:\/\/www.aclu-md.org\/app\/uploads\/2024\/11\/votingrights_mdga25_onepager_spanish.pdf"}}}]},{"title":"Defender contra los intentos de revocar la Ley de Protecci\u00f3n de Ni\u00f1os durante los Interrogatorios","components":[{"acf_fc_layout":"text","text":{"text":"En 2022, la Asamblea General de Maryland aprob\u00f3 la Ley de Protecci\u00f3n de Ni\u00f1os Durante los Interrogatorios o \u201cChild Interrogation Protection Act\u201d en ingl\u00e9s (CIPA por sus siglas en ingl\u00e9s). La ley exige que antes de que un oficial de polic\u00eda pueda realizar un interrogatorio bajo custodia de un ni\u00f1o, se debe notificar a sus padres o guardianes  y se debe consultar a un abogado. Esto es crucial porque los estudios muestran claramente que los ni\u00f1os renuncian a sus derechos Miranda a una tasa del 90 por ciento y hacen confesiones falsas a una tasa mayor que los adultos. El objetivo de la ley es proteger a los ni\u00f1os de ser manipulados para que hagan confesiones falsas. Esto se har\u00e1 asegur\u00e1ndose de que reciban una explicaci\u00f3n de sus derechos Miranda de una manera que sea apropiada para su edad y su desarrollo.\r\n\r\nOrganizaciones policiacas y fiscales se han opuesto consistentemente a esta ley. Caracterizan incorrectamente la situaci\u00f3n de la delincuencia infantil en Maryland y contin\u00faan pediendo la reversi\u00f3n de la CIPA y otras reformas importantes que est\u00e1n dise\u00f1adas para proteger los derechos de los ni\u00f1os al debido proceso. Durante la sesi\u00f3n legislativa de 2024, defenderemos estas leyes contra estos ataques y cualquier intento de derogar o diluir la ley."}},{"acf_fc_layout":"buttons","buttons":{"primary":{"text":"","link":""},"secondary":{"text":"Hoja de hechos \u2013 Defender contra los intentos de revocar la Ley de Protecci\u00f3n de Ni\u00f1os durante los Interrogatorios","link":"https:\/\/www.aclu-md.org\/app\/uploads\/2024\/11\/cipadefense_mdga25_onepager_spanish.pdf"}}},{"acf_fc_layout":"buttons","buttons":{"primary":{"text":"","link":""},"secondary":{"text":"Blog - Obtenga todos los datos de los derechos del debido proceso de los ni\u00f1os","link":"https:\/\/www.aclu-md.org\/news\/get-all-facts-childrens-due-process-rights\/"}}},{"acf_fc_layout":"divider","divider":{"divider_type":"hr"}},{"acf_fc_layout":"heading","heading":{"":null,"text":"\"Nadie nos estaba protegiendo\" - Ransom Watkins del exonerado Harlem Park 3 (Destacado en ingl\u00e9s)","anchor":"","sub-heading":"<em>Este video solo est\u00e1 disponible en ingl\u00e9s.<\/em>\r\n\r\n","type":"h2","heading-style":"standard"}},{"acf_fc_layout":"youtube","youtube":{"oembed-url":"https:\/\/youtu.be\/3TCUuqsfiaU","cover-image":""}},{"acf_fc_layout":"text","text":{"text":"<a href=\"https:\/\/www.aclu-md.org\/podcast\/no-one-was-protecting-us-ransom-watkins-exonerated-harlem-park-3\/?preview_id=18638&amp;preview_nonce=0fd01f0d88&amp;_thumbnail_id=-1&amp;preview=true\"><strong>\"Nadie nos estaba protegiendo\" - Ransom Watkins del exonerado Harlem Park 3 (Destacado en ingl\u00e9s)<\/strong><\/a>"}},{"acf_fc_layout":"infogram","infogram":{"oembed-url":"https:\/\/infogram.com\/1ppmr9qk25dwzrbrw6z6x2xermhzyl70y53"}}]},{"title":"Proteger a las comunidades inmigrantes","components":[{"acf_fc_layout":"text","text":{"text":"No importa si una persona tiene residencia legal en Estados Unidos o no. Los inmigrantes tienen derechos, incluidas garant\u00edas del debido proceso y protecci\u00f3n contra la discriminaci\u00f3n. Se deben respetar los derechos de inmigrantes. Son nuestros compa\u00f1eros de trabajo, nuestros vecinos, nuestros amigos y nuestras familias. El presidente electo prometi\u00f3 la deportaci\u00f3n masiva de personas y familias indocumentadas. Sabemos que esto resultar\u00e1 en la ruptura de comunidades y la desestabilizaci\u00f3n de nuestra econom\u00eda, pero lo que es m\u00e1s preocupante es que la deportaci\u00f3n masiva conducir\u00e1 a un trato inhumano y discriminatorio hacia los inmigrantes.\r\n\r\nCon CASA liderando esta defensa, la ACLU de Maryland est\u00e1 unida con las comunidades inmigrantes para garantizar que nuestros limitados recursos estatales y locales no se utilicen para promover el plan racista y xen\u00f3fobo de Trump para separar familias, detener inmigrantes y realizar deportaciones masivas de inmigrantes en Maryland. Trabajaremos para fortalecer las protecciones legales para todas las personas en Maryland contra intervenciones federales intrusivas e innecesarias."}}]}],"issues":[5500,5413,5433,5463,5455,5450,5445,5468],"related_content":[15271,15270,18954,15268],"documents":[{"name":"","file":1912},{"name":"","file":1914},{"name":"","file":1916},{"name":"","file":1918},{"name":"","file":1920},{"name":"","file":1922},{"name":"","file":1924},{"name":"","file":1926},{"name":"","file":1928},{"name":"","file":1930},{"name":"","file":1932},{"name":"","file":1934},{"name":"","file":1936},{"name":"","file":1938}]},"yoast_head":"<!-- This site is optimized with the Yoast SEO plugin v24.9 - https:\/\/yoast.com\/wordpress\/plugins\/seo\/ -->\n<title>El activismo de la ACLU de Maryland en la Asamblea General de 2025 - ACLU of Maryland<\/title>\n<meta name=\"robots\" content=\"index, follow, max-snippet:-1, max-image-preview:large, max-video-preview:-1\" \/>\n<link rel=\"canonical\" href=\"https:\/\/www.aclu-md.org\/es\/el-activismo-de-la-aclu-de-maryland-en-la-asamblea-general-de-2025-2\/\" \/>\n<meta property=\"og:locale\" content=\"es_ES\" \/>\n<meta property=\"og:type\" content=\"article\" \/>\n<meta property=\"og:title\" content=\"El activismo de la ACLU de Maryland en la Asamblea General de 2025 - ACLU of Maryland\" \/>\n<meta property=\"og:url\" content=\"https:\/\/www.aclu-md.org\/es\/el-activismo-de-la-aclu-de-maryland-en-la-asamblea-general-de-2025-2\/\" \/>\n<meta property=\"og:site_name\" content=\"ACLU of Maryland\" \/>\n<meta property=\"og:image\" content=\"https:\/\/www.aclu-md.org\/app\/themes\/aclu-parent\/img\/default_fb_share.jpg\" \/>\n<meta name=\"twitter:card\" content=\"summary_large_image\" \/>\n<script type=\"application\/ld+json\" class=\"yoast-schema-graph\">{\"@context\":\"https:\/\/schema.org\",\"@graph\":[{\"@type\":\"WebPage\",\"@id\":\"https:\/\/www.aclu-md.org\/es\/el-activismo-de-la-aclu-de-maryland-en-la-asamblea-general-de-2025-2\/\",\"url\":\"https:\/\/www.aclu-md.org\/es\/el-activismo-de-la-aclu-de-maryland-en-la-asamblea-general-de-2025-2\/\",\"name\":\"El activismo de la ACLU de Maryland en la Asamblea General de 2025 - ACLU of Maryland\",\"isPartOf\":{\"@id\":\"https:\/\/www.aclu-md.org\/#website\"},\"datePublished\":\"2026-02-23T18:14:49+00:00\",\"inLanguage\":\"es-ES\",\"potentialAction\":[{\"@type\":\"ReadAction\",\"target\":[\"https:\/\/www.aclu-md.org\/es\/el-activismo-de-la-aclu-de-maryland-en-la-asamblea-general-de-2025-2\/\"]}]},{\"@type\":\"WebSite\",\"@id\":\"https:\/\/www.aclu-md.org\/#website\",\"url\":\"https:\/\/www.aclu-md.org\/\",\"name\":\"ACLU of Maryland\",\"description\":\"\",\"publisher\":{\"@id\":\"https:\/\/www.aclu-md.org\/#organization\"},\"potentialAction\":[{\"@type\":\"SearchAction\",\"target\":{\"@type\":\"EntryPoint\",\"urlTemplate\":\"https:\/\/www.aclu-md.org\/?s={search_term_string}\"},\"query-input\":{\"@type\":\"PropertyValueSpecification\",\"valueRequired\":true,\"valueName\":\"search_term_string\"}}],\"inLanguage\":\"es-ES\"},{\"@type\":\"Organization\",\"@id\":\"https:\/\/www.aclu-md.org\/#organization\",\"name\":\"ACLU of Maryland\",\"url\":\"https:\/\/www.aclu-md.org\/\",\"logo\":{\"@type\":\"ImageObject\",\"inLanguage\":\"es-ES\",\"@id\":\"https:\/\/www.aclu-md.org\/#\/schema\/logo\/image\/\",\"url\":\"https:\/\/www.aclu-md.org\/app\/uploads\/2025\/08\/ACLU-Maryland_Color-Logo_RGB.png\",\"contentUrl\":\"https:\/\/www.aclu-md.org\/app\/uploads\/2025\/08\/ACLU-Maryland_Color-Logo_RGB.png\",\"width\":1063,\"height\":620,\"caption\":\"ACLU of Maryland\"},\"image\":{\"@id\":\"https:\/\/www.aclu-md.org\/#\/schema\/logo\/image\/\"}}]}<\/script>\n<!-- \/ Yoast SEO plugin. -->","yoast_head_json":{"title":"El activismo de la ACLU de Maryland en la Asamblea General de 2025 - ACLU of Maryland","robots":{"index":"index","follow":"follow","max-snippet":"max-snippet:-1","max-image-preview":"max-image-preview:large","max-video-preview":"max-video-preview:-1"},"canonical":"https:\/\/www.aclu-md.org\/es\/el-activismo-de-la-aclu-de-maryland-en-la-asamblea-general-de-2025-2\/","og_locale":"es_ES","og_type":"article","og_title":"El activismo de la ACLU de Maryland en la Asamblea General de 2025 - ACLU of Maryland","og_url":"https:\/\/www.aclu-md.org\/es\/el-activismo-de-la-aclu-de-maryland-en-la-asamblea-general-de-2025-2\/","og_site_name":"ACLU of Maryland","og_image":[{"url":"https:\/\/www.aclu-md.org\/app\/themes\/aclu-parent\/img\/default_fb_share.jpg","type":"","width":"","height":""}],"twitter_card":"summary_large_image","schema":{"@context":"https:\/\/schema.org","@graph":[{"@type":"WebPage","@id":"https:\/\/www.aclu-md.org\/es\/el-activismo-de-la-aclu-de-maryland-en-la-asamblea-general-de-2025-2\/","url":"https:\/\/www.aclu-md.org\/es\/el-activismo-de-la-aclu-de-maryland-en-la-asamblea-general-de-2025-2\/","name":"El activismo de la ACLU de Maryland en la Asamblea General de 2025 - ACLU of Maryland","isPartOf":{"@id":"https:\/\/www.aclu-md.org\/#website"},"datePublished":"2026-02-23T18:14:49+00:00","inLanguage":"es-ES","potentialAction":[{"@type":"ReadAction","target":["https:\/\/www.aclu-md.org\/es\/el-activismo-de-la-aclu-de-maryland-en-la-asamblea-general-de-2025-2\/"]}]},{"@type":"WebSite","@id":"https:\/\/www.aclu-md.org\/#website","url":"https:\/\/www.aclu-md.org\/","name":"ACLU of Maryland","description":"","publisher":{"@id":"https:\/\/www.aclu-md.org\/#organization"},"potentialAction":[{"@type":"SearchAction","target":{"@type":"EntryPoint","urlTemplate":"https:\/\/www.aclu-md.org\/?s={search_term_string}"},"query-input":{"@type":"PropertyValueSpecification","valueRequired":true,"valueName":"search_term_string"}}],"inLanguage":"es-ES"},{"@type":"Organization","@id":"https:\/\/www.aclu-md.org\/#organization","name":"ACLU of Maryland","url":"https:\/\/www.aclu-md.org\/","logo":{"@type":"ImageObject","inLanguage":"es-ES","@id":"https:\/\/www.aclu-md.org\/#\/schema\/logo\/image\/","url":"https:\/\/www.aclu-md.org\/app\/uploads\/2025\/08\/ACLU-Maryland_Color-Logo_RGB.png","contentUrl":"https:\/\/www.aclu-md.org\/app\/uploads\/2025\/08\/ACLU-Maryland_Color-Logo_RGB.png","width":1063,"height":620,"caption":"ACLU of Maryland"},"image":{"@id":"https:\/\/www.aclu-md.org\/#\/schema\/logo\/image\/"}}]}},"distributor_meta":false,"distributor_terms":false,"distributor_media":false,"distributor_original_site_name":"ACLU of Maryland","distributor_original_site_url":"https:\/\/www.aclu-md.org\/es\/","push-errors":false,"_links":{"self":[{"href":"https:\/\/www.aclu-md.org\/es\/wp-json\/wp\/v2\/pages\/20567","targetHints":{"allow":["GET"]}}],"collection":[{"href":"https:\/\/www.aclu-md.org\/es\/wp-json\/wp\/v2\/pages"}],"about":[{"href":"https:\/\/www.aclu-md.org\/es\/wp-json\/wp\/v2\/types\/page"}],"author":[{"embeddable":true,"href":"https:\/\/www.aclu-md.org\/es\/wp-json\/wp\/v2\/users\/24"}],"replies":[{"embeddable":true,"href":"https:\/\/www.aclu-md.org\/es\/wp-json\/wp\/v2\/comments?post=20567"}],"version-history":[{"count":21,"href":"https:\/\/www.aclu-md.org\/es\/wp-json\/wp\/v2\/pages\/20567\/revisions"}],"predecessor-version":[{"id":20659,"href":"https:\/\/www.aclu-md.org\/es\/wp-json\/wp\/v2\/pages\/20567\/revisions\/20659"}],"acf:post":[{"embeddable":true,"href":"https:\/\/www.aclu-md.org\/es\/wp-json\/wp\/v2\/press_release\/15268"},{"embeddable":true,"href":"https:\/\/www.aclu-md.org\/es\/wp-json\/wp\/v2\/posts\/18954"},{"embeddable":true,"href":"https:\/\/www.aclu-md.org\/es\/wp-json\/wp\/v2\/press_release\/15270"},{"embeddable":true,"href":"https:\/\/www.aclu-md.org\/es\/wp-json\/wp\/v2\/press_release\/15271"},{"embeddable":true,"href":"https:\/\/www.aclu-md.org\/es\/wp-json\/wp\/v2\/issue\/5468"},{"embeddable":true,"href":"https:\/\/www.aclu-md.org\/es\/wp-json\/wp\/v2\/issue\/5445"},{"embeddable":true,"href":"https:\/\/www.aclu-md.org\/es\/wp-json\/wp\/v2\/issue\/5450"},{"embeddable":true,"href":"https:\/\/www.aclu-md.org\/es\/wp-json\/wp\/v2\/issue\/5455"},{"embeddable":true,"href":"https:\/\/www.aclu-md.org\/es\/wp-json\/wp\/v2\/issue\/5463"},{"embeddable":true,"href":"https:\/\/www.aclu-md.org\/es\/wp-json\/wp\/v2\/issue\/5433"},{"embeddable":true,"href":"https:\/\/www.aclu-md.org\/es\/wp-json\/wp\/v2\/issue\/5413"},{"embeddable":true,"href":"https:\/\/www.aclu-md.org\/es\/wp-json\/wp\/v2\/issue\/5500"}],"wp:attachment":[{"href":"https:\/\/www.aclu-md.org\/es\/wp-json\/wp\/v2\/media?parent=20567"}],"curies":[{"name":"wp","href":"https:\/\/api.w.org\/{rel}","templated":true}]}}